{"id":5085,"date":"2018-11-26T20:31:36","date_gmt":"2018-11-26T20:31:36","guid":{"rendered":"https:\/\/party4all.okwebsite.it\/?page_id=5085"},"modified":"2019-05-16T13:03:13","modified_gmt":"2019-05-16T13:03:13","slug":"wedding-planner","status":"publish","type":"page","link":"https:\/\/www.party4all.it\/it\/wedding-planner\/","title":{"rendered":"Wedding Planner"},"content":{"rendered":"<p>[vc_row content_width=&#8221;grid&#8221; content_aligment=&#8221;center&#8221;][vc_column][vc_empty_space height=&#8221;60px&#8221;][vc_row_inner][vc_column_inner offset=&#8221;vc_col-lg-12 vc_col-md-12&#8243;][vc_column_text]<\/p>\n<h4><strong><em>Il matrimonio \u00e8 la giornata pi\u00f9 importante per una coppia di innamorati, scegliere un wedding planner serio ed affidabile vuol dire godersi la festa sapendo che tutto sar\u00e0 come lo avete sempre desiderato<\/em><\/strong><\/h4>\n<p>[\/vc_column_text][vc_empty_space height=&#8221;60px&#8221;][\/vc_column_inner][\/vc_row_inner][vc_column_text]<\/p>\n<h2>Party4All: la tua agenzia di wedding planner in Toscana<\/h2>\n<p>[\/vc_column_text][vc_empty_space height=&#8221;60px&#8221;][\/vc_column][\/vc_row][vc_row content_width=&#8221;grid&#8221; content_aligment=&#8221;center&#8221;][vc_column][vc_row_inner][vc_column_inner offset=&#8221;vc_col-lg-12 vc_col-md-12&#8243;][vc_column_text]<\/p>\n<h4>Siamo un\u2019agenzia di <strong>organizzazione eventi<\/strong> attiva nel territorio della Toscana e possiamo diventare i vostri partner ideali nell\u2019organizzazione completa di feste di compleanno, anniversari, feste di laurea, cene aziendali, inaugurazioni di attivit\u00e0 commerciali e party per ogni genere di evento speciale.<\/h4>\n<p>[\/vc_column_text][vc_empty_space height=&#8221;60px&#8221;][vc_single_image image=&#8221;5086&#8243; img_size=&#8221;large&#8221; alignment=&#8221;center&#8221; onclick=&#8221;custom_link&#8221; link=&#8221;\/galleria-wedding-planner\/&#8221;][vc_empty_space height=&#8221;60px&#8221;][\/vc_column_inner][\/vc_row_inner][vc_column_text]<\/p>\n<p style=\"text-align: left;\">Sono\u00a0 Laura Ferraris, la <em>wedding planner<\/em> di Party4all, seguo personalmente tutte le fasi dell\u2019organizzazione del matrimonio, sono il braccio destro degli sposi nel realizzare materialmente i loro sogni.<\/p>\n<p style=\"text-align: left;\">La mia passione per le nozze nasce dall\u2019organizzazione del mio matrimonio e da anni di esperienza nell\u2019organizzazione eventi. So quanto pu\u00f2 essere stressante organizzare una giornata che porta con s\u00e9 un cos\u00ec grande carico di aspettativa ed emozioni, e pu\u00f2 essere difficile rimanere calmi e rilassati davanti ad un imprevisto. E\u2019 per questo che un professionista come me sapr\u00e0 darvi sicurezza e tranquillit\u00e0.<\/p>\n<p style=\"text-align: left;\">I mesi che precedono l\u2019evento sono carichi di impegni e decisioni,\u00a0 scegliere un wedding planner assicura agli sposi un aiuto concreto, un esperto che sappia consigliare e guidare nella jungla di opzioni possibili, fra<em> fornitori, location, partecipazioni, bouquet e bomboniere.<\/em><\/p>\n<p style=\"text-align: left;\">La <strong>Toscana, Firenze e la terra del Mugello<\/strong> per me non hanno segreti, conosco il territorio e ho contatti con numerosi <em>fornitori professionisti<\/em> che potranno offrirvi un servizio accurato e in linea con le vostre aspettative.\u00a0 Posso selezionare per voi location per ogni gusto:<em> lussuose ville con vista su Firenze<\/em> <em>e tipici agriturismi immersi nella campagna <\/em>sono solo un esempio di cosa questa regione possa offrire a chi desidera <strong>sposarsi in Toscana<\/strong>.<\/p>\n<p style=\"text-align: left;\"><strong>Il mio servizio pu\u00f2 essere a 360\u00b0 seguendovi passo per passo: dai vostri sogni fino alla loro realizzazione completa. Oppure posso consigliarvi nell\u2019ambito di un\u2019organizzazione gi\u00e0 avviata da voi.<\/strong><\/p>\n<p style=\"text-align: left;\">Ho un gusto italiano, legato alle tradizioni del nostro paese, ma decisamente cosmopolita per le mie esperienze lavorative e per la mia passione per la ricerca.<\/p>\n<p>[\/vc_column_text][\/vc_column][\/vc_row][vc_row content_width=&#8221;grid&#8221; content_aligment=&#8221;center&#8221;][vc_column][vc_row_inner][vc_column_inner offset=&#8221;vc_col-lg-12 vc_col-md-12&#8243;][vc_empty_space height=&#8221;60px&#8221;][vc_column_text]<\/p>\n<h2 style=\"text-align: center;\">Matrimoni Stranieri \u2013 Sposarsi in Italia<\/h2>\n<p>[\/vc_column_text][vc_empty_space height=&#8221;60px&#8221;][vc_single_image image=&#8221;5416&#8243; img_size=&#8221;large&#8221; alignment=&#8221;center&#8221; onclick=&#8221;custom_link&#8221; link=&#8221;\/galleria-wedding-planner\/&#8221;][\/vc_column_inner][\/vc_row_inner][vc_empty_space height=&#8221;60px&#8221;][vc_column_text]<\/p>\n<p style=\"text-align: left;\"><strong>Come \u00e8 possibile sposarsi in Italia<\/strong> vivendo all\u2019estero?<\/p>\n<p style=\"text-align: left;\">E\u2019 pi\u00f9 semplice del previsto se decidete di affidarvi ad un <strong>wedding planner italiano<\/strong> che sar\u00e0 i vostri occhi, le vostre mani e la vostra voce sul territorio.<\/p>\n<p style=\"text-align: left;\">Alle coppie straniere che decidono di sposarsi nella nostra penisola, posso fornire un\u2019impronta italiana con tanta professionalit\u00e0 e precisione per i dettagli, occupandomi del <strong>coordinamento prima e durante l\u2019evento<\/strong>.<\/p>\n<p style=\"text-align: left;\"><em>Toscana, Mugello, Firenze, Chianti,<\/em> le <strong>location per matrimoni in Italia<\/strong> non mancano, e sapr\u00f2 guidarvi alla ricerca del posto perfetto per celebrare le vostre nozze.<\/p>\n<p style=\"text-align: left;\">\u00a0Avermi come partner significa avere una persona di riferimento in loco che possa tradurre materialmente i vostri desideri in realt\u00e0.<\/p>\n<p>[\/vc_column_text][\/vc_column][\/vc_row][vc_row content_width=&#8221;grid&#8221; content_aligment=&#8221;center&#8221;][vc_column][vc_row_inner][vc_column_inner offset=&#8221;vc_col-lg-12 vc_col-md-12&#8243;][vc_empty_space height=&#8221;60px&#8221;][vc_column_text]<\/p>\n<h2 style=\"text-align: center;\">Il metodo di lavoro \u2013 cosa pu\u00f2 fare un wedding planner<\/h2>\n<p>[\/vc_column_text][vc_empty_space height=&#8221;60px&#8221;][vc_single_image image=&#8221;5098&#8243; img_size=&#8221;large&#8221; alignment=&#8221;center&#8221; onclick=&#8221;custom_link&#8221; link=&#8221;\/galleria-wedding-planner\/&#8221;][\/vc_column_inner][\/vc_row_inner][vc_empty_space height=&#8221;60px&#8221;][vc_column_text]<\/p>\n<p style=\"text-align: left;\">Sulla base delle richieste dei clienti elaboro un progetto d\u2019immagine, un preventivo e un planning dell\u2019evento;\u00a0 successivamente seguo gli sposi nelle formalit\u00e0 burocratiche per la cerimonia civile, religiosa o simbolica.<\/p>\n<p style=\"text-align: left;\">Accompagno la coppia nella scelta della location dell\u2019evento e della sistemazione degli ospiti per il soggiorno.<\/p>\n<p style=\"text-align: left;\">Seleziono con loro i <strong>fornitori<\/strong> per l\u2019evento\u00a0 : <strong>catering, fiorista, fotografo, video maker, animatore per bambini, deejay, musicisti, artisti dell\u2019intrattenimento<\/strong>.<\/p>\n<p style=\"text-align: left;\">Assisto la sposa nella scelta del <em>bouquet, del parrucchiere, del truccatore<\/em> per lei e per le invitate.<\/p>\n<p style=\"text-align: left;\">Durante il banchetto mi occupo del coordinamento dei fornitori e dell\u2019assistenza agli invitati, in modo che<em> tutto sia allestito e realizzato come gli sposi desiderano. <\/em><\/p>\n<p style=\"text-align: left;\"><em>Confettata e bomboniere, momenti d\u2019atmosfera con fuochi d\u2019artificio, video messaggi, lancio delle lanterne o palloncini a led<\/em> sono elementi che possono contribuire a rendere speciale il matrimonio e parte del mio lavoro per gli sposi.<\/p>\n<p>[\/vc_column_text][vc_empty_space height=&#8221;120px&#8221;][\/vc_column][\/vc_row]<\/p>\n","protected":false},"excerpt":{"rendered":"<p>[vc_row content_width=&#8221;grid&#8221; content_aligment=&#8221;center&#8221;][vc_column][vc_empty_space height=&#8221;60px&#8221;][vc_row_inner][vc_column_inner offset=&#8221;vc_col-lg-12 vc_col-md-12&#8243;][vc_column_text] Il matrimonio \u00e8 la giornata pi\u00f9 importante per una coppia di innamorati, scegliere un wedding planner serio ed affidabile vuol dire godersi la festa sapendo che tutto sar\u00e0 come lo avete sempre desiderato [\/vc_column_text][vc_empty_space height=&#8221;60px&#8221;][\/vc_column_inner][\/vc_row_inner][vc_column_text] Party4All: la tua agenzia di wedding planner in Toscana [\/vc_column_text][vc_empty_space height=&#8221;60px&#8221;][\/vc_column][\/vc_row][vc_row content_width=&#8221;grid&#8221; content_aligment=&#8221;center&#8221;][vc_column][vc_row_inner][vc_column_inner offset=&#8221;vc_col-lg-12 vc_col-md-12&#8243;][vc_column_text] Siamo un\u2019agenzia di organizzazione eventi attiva nel territorio della Toscana e possiamo diventare i vostri partner ideali nell\u2019organizzazione completa di feste di compleanno, anniversari, feste di laurea, cene aziendali, inaugurazioni di attivit\u00e0 commerciali e&#8230;<\/p>\n","protected":false},"author":1,"featured_media":0,"parent":0,"menu_order":0,"comment_status":"closed","ping_status":"closed","template":"full-width.php","meta":{"footnotes":""},"class_list":["post-5085","page","type-page","status-publish","hentry"],"yoast_head":"<!-- This site is optimized with the Yoast SEO plugin v27.6 - https:\/\/yoast.com\/product\/yoast-seo-wordpress\/ -->\n<title>Wedding Planner - Party 4 All<\/title>\n<meta name=\"description\" content=\"Wedding Planner per organizzare il tuo matrimonio da sogno nel Mugello, a Firenze ed in Toscana. Professionisti del settore al fianco degli sposi\" \/>\n<meta name=\"robots\" content=\"index, follow, max-snippet:-1, max-image-preview:large, max-video-preview:-1\" \/>\n<link rel=\"canonical\" href=\"https:\/\/www.party4all.it\/it\/wedding-planner\/\" \/>\n<meta property=\"og:locale\" content=\"it_IT\" \/>\n<meta property=\"og:type\" content=\"article\" \/>\n<meta property=\"og:title\" content=\"Wedding Planner - Party 4 All\" \/>\n<meta property=\"og:description\" content=\"Wedding Planner per organizzare il tuo matrimonio da sogno nel Mugello, a Firenze ed in Toscana. Professionisti del settore al fianco degli sposi\" \/>\n<meta property=\"og:url\" content=\"https:\/\/www.party4all.it\/it\/wedding-planner\/\" \/>\n<meta property=\"og:site_name\" content=\"Party 4 All\" \/>\n<meta property=\"article:publisher\" content=\"https:\/\/www.facebook.com\/party4all.it\/\" \/>\n<meta property=\"article:modified_time\" content=\"2019-05-16T13:03:13+00:00\" \/>\n<meta name=\"twitter:card\" content=\"summary_large_image\" \/>\n<meta name=\"twitter:label1\" content=\"Tempo di lettura stimato\" \/>\n\t<meta name=\"twitter:data1\" content=\"5 minuti\" \/>\n<script type=\"application\/ld+json\" class=\"yoast-schema-graph\">{\"@context\":\"https:\\\/\\\/schema.org\",\"@graph\":[{\"@type\":\"WebPage\",\"@id\":\"https:\\\/\\\/www.party4all.it\\\/it\\\/wedding-planner\\\/\",\"url\":\"https:\\\/\\\/www.party4all.it\\\/it\\\/wedding-planner\\\/\",\"name\":\"Wedding Planner - Party 4 All\",\"isPartOf\":{\"@id\":\"https:\\\/\\\/www.party4all.it\\\/it\\\/#website\"},\"datePublished\":\"2018-11-26T20:31:36+00:00\",\"dateModified\":\"2019-05-16T13:03:13+00:00\",\"description\":\"Wedding Planner per organizzare il tuo matrimonio da sogno nel Mugello, a Firenze ed in Toscana. Professionisti del settore al fianco degli sposi\",\"breadcrumb\":{\"@id\":\"https:\\\/\\\/www.party4all.it\\\/it\\\/wedding-planner\\\/#breadcrumb\"},\"inLanguage\":\"it-IT\",\"potentialAction\":[{\"@type\":\"ReadAction\",\"target\":[\"https:\\\/\\\/www.party4all.it\\\/it\\\/wedding-planner\\\/\"]}]},{\"@type\":\"BreadcrumbList\",\"@id\":\"https:\\\/\\\/www.party4all.it\\\/it\\\/wedding-planner\\\/#breadcrumb\",\"itemListElement\":[{\"@type\":\"ListItem\",\"position\":1,\"name\":\"Home\",\"item\":\"https:\\\/\\\/www.party4all.it\\\/it\\\/\"},{\"@type\":\"ListItem\",\"position\":2,\"name\":\"Wedding Planner\"}]},{\"@type\":\"WebSite\",\"@id\":\"https:\\\/\\\/www.party4all.it\\\/it\\\/#website\",\"url\":\"https:\\\/\\\/www.party4all.it\\\/it\\\/\",\"name\":\"Party 4 All\",\"description\":\"Party 4 All website\",\"publisher\":{\"@id\":\"https:\\\/\\\/www.party4all.it\\\/it\\\/#organization\"},\"potentialAction\":[{\"@type\":\"SearchAction\",\"target\":{\"@type\":\"EntryPoint\",\"urlTemplate\":\"https:\\\/\\\/www.party4all.it\\\/it\\\/?s={search_term_string}\"},\"query-input\":{\"@type\":\"PropertyValueSpecification\",\"valueRequired\":true,\"valueName\":\"search_term_string\"}}],\"inLanguage\":\"it-IT\"},{\"@type\":\"Organization\",\"@id\":\"https:\\\/\\\/www.party4all.it\\\/it\\\/#organization\",\"name\":\"Party 4 All\",\"url\":\"https:\\\/\\\/www.party4all.it\\\/it\\\/\",\"logo\":{\"@type\":\"ImageObject\",\"inLanguage\":\"it-IT\",\"@id\":\"https:\\\/\\\/www.party4all.it\\\/it\\\/#\\\/schema\\\/logo\\\/image\\\/\",\"url\":\"https:\\\/\\\/www.party4all.it\\\/wp-content\\\/uploads\\\/2018\\\/10\\\/logo_small-4.png\",\"contentUrl\":\"https:\\\/\\\/www.party4all.it\\\/wp-content\\\/uploads\\\/2018\\\/10\\\/logo_small-4.png\",\"width\":224,\"height\":90,\"caption\":\"Party 4 All\"},\"image\":{\"@id\":\"https:\\\/\\\/www.party4all.it\\\/it\\\/#\\\/schema\\\/logo\\\/image\\\/\"},\"sameAs\":[\"https:\\\/\\\/www.facebook.com\\\/party4all.it\\\/\"]}]}<\/script>\n<!-- \/ Yoast SEO plugin. -->","yoast_head_json":{"title":"Wedding Planner - Party 4 All","description":"Wedding Planner per organizzare il tuo matrimonio da sogno nel Mugello, a Firenze ed in Toscana. Professionisti del settore al fianco degli sposi","robots":{"index":"index","follow":"follow","max-snippet":"max-snippet:-1","max-image-preview":"max-image-preview:large","max-video-preview":"max-video-preview:-1"},"canonical":"https:\/\/www.party4all.it\/it\/wedding-planner\/","og_locale":"it_IT","og_type":"article","og_title":"Wedding Planner - Party 4 All","og_description":"Wedding Planner per organizzare il tuo matrimonio da sogno nel Mugello, a Firenze ed in Toscana. Professionisti del settore al fianco degli sposi","og_url":"https:\/\/www.party4all.it\/it\/wedding-planner\/","og_site_name":"Party 4 All","article_publisher":"https:\/\/www.facebook.com\/party4all.it\/","article_modified_time":"2019-05-16T13:03:13+00:00","twitter_card":"summary_large_image","twitter_misc":{"Tempo di lettura stimato":"5 minuti"},"schema":{"@context":"https:\/\/schema.org","@graph":[{"@type":"WebPage","@id":"https:\/\/www.party4all.it\/it\/wedding-planner\/","url":"https:\/\/www.party4all.it\/it\/wedding-planner\/","name":"Wedding Planner - Party 4 All","isPartOf":{"@id":"https:\/\/www.party4all.it\/it\/#website"},"datePublished":"2018-11-26T20:31:36+00:00","dateModified":"2019-05-16T13:03:13+00:00","description":"Wedding Planner per organizzare il tuo matrimonio da sogno nel Mugello, a Firenze ed in Toscana. Professionisti del settore al fianco degli sposi","breadcrumb":{"@id":"https:\/\/www.party4all.it\/it\/wedding-planner\/#breadcrumb"},"inLanguage":"it-IT","potentialAction":[{"@type":"ReadAction","target":["https:\/\/www.party4all.it\/it\/wedding-planner\/"]}]},{"@type":"BreadcrumbList","@id":"https:\/\/www.party4all.it\/it\/wedding-planner\/#breadcrumb","itemListElement":[{"@type":"ListItem","position":1,"name":"Home","item":"https:\/\/www.party4all.it\/it\/"},{"@type":"ListItem","position":2,"name":"Wedding Planner"}]},{"@type":"WebSite","@id":"https:\/\/www.party4all.it\/it\/#website","url":"https:\/\/www.party4all.it\/it\/","name":"Party 4 All","description":"Party 4 All website","publisher":{"@id":"https:\/\/www.party4all.it\/it\/#organization"},"potentialAction":[{"@type":"SearchAction","target":{"@type":"EntryPoint","urlTemplate":"https:\/\/www.party4all.it\/it\/?s={search_term_string}"},"query-input":{"@type":"PropertyValueSpecification","valueRequired":true,"valueName":"search_term_string"}}],"inLanguage":"it-IT"},{"@type":"Organization","@id":"https:\/\/www.party4all.it\/it\/#organization","name":"Party 4 All","url":"https:\/\/www.party4all.it\/it\/","logo":{"@type":"ImageObject","inLanguage":"it-IT","@id":"https:\/\/www.party4all.it\/it\/#\/schema\/logo\/image\/","url":"https:\/\/www.party4all.it\/wp-content\/uploads\/2018\/10\/logo_small-4.png","contentUrl":"https:\/\/www.party4all.it\/wp-content\/uploads\/2018\/10\/logo_small-4.png","width":224,"height":90,"caption":"Party 4 All"},"image":{"@id":"https:\/\/www.party4all.it\/it\/#\/schema\/logo\/image\/"},"sameAs":["https:\/\/www.facebook.com\/party4all.it\/"]}]}},"_links":{"self":[{"href":"https:\/\/www.party4all.it\/it\/wp-json\/wp\/v2\/pages\/5085","targetHints":{"allow":["GET"]}}],"collection":[{"href":"https:\/\/www.party4all.it\/it\/wp-json\/wp\/v2\/pages"}],"about":[{"href":"https:\/\/www.party4all.it\/it\/wp-json\/wp\/v2\/types\/page"}],"author":[{"embeddable":true,"href":"https:\/\/www.party4all.it\/it\/wp-json\/wp\/v2\/users\/1"}],"replies":[{"embeddable":true,"href":"https:\/\/www.party4all.it\/it\/wp-json\/wp\/v2\/comments?post=5085"}],"version-history":[{"count":14,"href":"https:\/\/www.party4all.it\/it\/wp-json\/wp\/v2\/pages\/5085\/revisions"}],"predecessor-version":[{"id":5837,"href":"https:\/\/www.party4all.it\/it\/wp-json\/wp\/v2\/pages\/5085\/revisions\/5837"}],"wp:attachment":[{"href":"https:\/\/www.party4all.it\/it\/wp-json\/wp\/v2\/media?parent=5085"}],"curies":[{"name":"wp","href":"https:\/\/api.w.org\/{rel}","templated":true}]}}