{"id":4955,"date":"2018-11-13T13:41:02","date_gmt":"2018-11-13T13:41:02","guid":{"rendered":"https:\/\/party4all.okwebsite.it\/?page_id=4955"},"modified":"2019-05-16T13:50:45","modified_gmt":"2019-05-16T13:50:45","slug":"feste-bambini","status":"publish","type":"page","link":"https:\/\/www.party4all.it\/it\/feste-bambini\/","title":{"rendered":"Feste Bambini"},"content":{"rendered":"<p>[vc_row content_width=&#8221;grid&#8221; content_aligment=&#8221;center&#8221;][vc_column][vc_empty_space height=&#8221;60px&#8221;][vc_column_text]<\/p>\n<h2>Vuoi organizzare una strepitosa festa per bambini?<\/h2>\n<p>[\/vc_column_text][vc_empty_space height=&#8221;60px&#8221;][vc_column_text css_animation=&#8221;fadeIn&#8221;]<\/p>\n<h2>Ci pensa Party4All<\/h2>\n<p>[\/vc_column_text][vc_empty_space height=&#8221;60px&#8221;][\/vc_column][\/vc_row][vc_row content_width=&#8221;grid&#8221; content_aligment=&#8221;center&#8221;][vc_column][vc_row_inner][vc_column_inner offset=&#8221;vc_col-lg-12 vc_col-md-12&#8243;][vc_column_text]<\/p>\n<h4><em>Feste per compleanni, battesimi, comunioni, cresime, matrimoni<\/em> \u00a0sono eventi importanti per i bambini e per la famiglia e ci vuole \u00a0tempo ed esperienza per organizzare un\u00a0 evento che sia studiato nei minimi dettagli. Ma niente paura le nostri <strong>Party Planner<\/strong> sono a vostra disposizione per aiutarvi ad <strong>organizzare una festa perfetta.<\/strong><\/h4>\n<p>&nbsp;<\/p>\n<h4>Il nostro obiettivo \u00e8 mettere in opera i sogni di grandi e piccini, organizzando la festa nei minimi particolari, voi dovrete solo rilassarvi e godervi l\u2019evento.<\/h4>\n<p>&nbsp;<\/p>\n<h4><em>Forniamo allestimento scenografico e con palloncini, animazione per bambini, coordinamento e organizzazione dell\u2019evento in tutta la provincia di Firenze, Prato, Pistoia e su richiesta in tutta Toscana.<\/em><\/h4>\n<p>[\/vc_column_text][vc_empty_space height=&#8221;60px&#8221;][\/vc_column_inner][\/vc_row_inner][\/vc_column][\/vc_row][vc_row content_width=&#8221;grid&#8221; css=&#8221;.vc_custom_1543262069643{padding-top: 30px !important;padding-bottom: 30px !important;}&#8221;][vc_column offset=&#8221;vc_col-lg-12 vc_col-md-12&#8243;][vc_empty_space][vc_column_text css_animation=&#8221;bounceIn&#8221; css=&#8221;.vc_custom_1542117997724{background-color: #7a87bf !important;}&#8221;]<\/p>\n<h2 style=\"text-align: center;\">Feste a tema<\/h2>\n<p>[\/vc_column_text][\/vc_column][\/vc_row][vc_row content_width=&#8221;grid&#8221; css=&#8221;.vc_custom_1542118212577{padding-top: 30px !important;padding-bottom: 30px !important;background-color: #ffffff !important;}&#8221;][vc_column offset=&#8221;vc_col-lg-6 vc_col-md-12&#8243;][vc_empty_space][vc_column_text]Vostro figlio sogna di essere Harry Potter e sconfiggere maghi cattivi a suon di incantesimi? Oppure la vostra bambina adora vestirsi da principessa e canta senza sosta sulle note di Frozen?<br \/>\nQuale miglior regalo per il loro compleanno che realizzare questi sogni organizzando una <strong>perfetta festa a tema per bambini!<\/strong><\/p>\n<p>Scegliamo insieme il <strong>tema dell\u2019evento<\/strong> tenendo conto dei desideri dei bambini e delle necessit\u00e0 dei pi\u00f9 grandi. Per aiutarvi ad immaginare come sar\u00e0 il risultato finale vi forniremo\u00a0 bozzetti grafici e preventivi accurati.<br \/>\n<em>Feste a tema legate ai cartoni animati, alle favole, alla tipologia di cerimonia<\/em>, sono solo alcune delle proposte che vi possiamo suggerire.<\/p>\n<p>Che festa a tema sarebbe senza un accurato <strong>allestimento scenografico<\/strong>? Possiamo realizzarlo con o senza palloncini, le soluzioni decorative possono essere tante e noi siamo veri artigiani delle feste, perch\u00e9 molte delle nostre decorazioni sono realizzate a mano.<\/p>\n<p>Grande importanza sar\u00e0 data alla <strong>torta di compleanno<\/strong>, e al focus di tutta la festa: il soffio sulle candeline.<\/p>\n<p>La festa a tema pu\u00f2 essere ulteriormente allietata con <strong>l\u2019animazione per bambini Party4all,<\/strong> con le foto ricordo, con inviti personalizzati, <em>con laboratori creativi<\/em>, mascotte, abbigliamento personalizzato e ricordini di fine festa per gli invitati, il tutto realizzato ad hoc ed in base al tema scelto.<\/p>\n<p>Possiamo inoltre fornire monouso (piatti, bicchieri, ecc), torte di cake design, finte torte<strong>, <\/strong>pentolacce a tema e noleggio attrezzature dolciarie o gonfiabili.[\/vc_column_text][\/vc_column][vc_column offset=&#8221;vc_col-lg-6 vc_col-md-12&#8243;][vc_empty_space][vc_single_image image=&#8221;5057&#8243; img_size=&#8221;large&#8221; alignment=&#8221;center&#8221; onclick=&#8221;custom_link&#8221; link=&#8221;\/galleria-feste-bambini&#8221;][\/vc_column][\/vc_row][vc_row content_width=&#8221;grid&#8221; content_aligment=&#8221;center&#8221;][vc_column][vc_empty_space][vc_column_text css_animation=&#8221;bounceIn&#8221; css=&#8221;.vc_custom_1542118301693{background-color: #5cc6da !important;}&#8221;]<\/p>\n<h2 style=\"text-align: center;\">Balloon art<\/h2>\n<p>[\/vc_column_text][\/vc_column][\/vc_row][vc_row content_width=&#8221;grid&#8221; css=&#8221;.vc_custom_1542118212577{padding-top: 30px !important;padding-bottom: 30px !important;background-color: #ffffff !important;}&#8221;][vc_column offset=&#8221;vc_col-lg-6 vc_col-md-12&#8243;][vc_empty_space][vc_column_text]<strong>Le composizioni di palloncini<\/strong> che realizziamo, prendono dalla Balloon art idee e suggerimenti e vengono rielaborate con freschezza e attualit\u00e0.<\/p>\n<p>Possono essere tematizzate per la festa e adattate agli spazi ed al budget a disposizione.<\/p>\n<p>Archi di palloncini, colonne tematiche o con numeri, centrotavola, palloncini a elio in mylar o lattice, il nostro catalogo \u00e8 veramente ampio e in continuo aggiornamento in base alle tendenze del mercato.<\/p>\n<p>Possiamo suggerirvi la soluzione migliore per la location a disposizione e per il vostro budget e fare con voi anche sopralluoghi mirati.[\/vc_column_text][\/vc_column][vc_column offset=&#8221;vc_col-lg-6 vc_col-md-12&#8243;][vc_empty_space][vc_single_image image=&#8221;4976&#8243; img_size=&#8221;full&#8221; alignment=&#8221;center&#8221; onclick=&#8221;custom_link&#8221; link=&#8221;\/galleria-feste-bambini&#8221;][vc_empty_space][\/vc_column][\/vc_row][vc_row content_width=&#8221;grid&#8221; content_aligment=&#8221;center&#8221;][vc_column][vc_empty_space height=&#8221;64px&#8221;][vc_column_text css_animation=&#8221;bounceIn&#8221; css=&#8221;.vc_custom_1542119743662{background-color: #98d3b3 !important;}&#8221;]<\/p>\n<h2 style=\"text-align: center;\">Animazione per bambini<\/h2>\n<p>[\/vc_column_text][vc_empty_space height=&#8221;64px&#8221;][vc_single_image image=&#8221;4980&#8243; img_size=&#8221;large&#8221; alignment=&#8221;center&#8221; onclick=&#8221;custom_link&#8221; link=&#8221;\/galleria-feste-bambini&#8221;][vc_empty_space][vc_column_text]<\/p>\n<p style=\"text-align: left;\">L<strong>\u2019animazione per i bambini<\/strong>\u00a0 coinvolge i piccoli invitati in <em>giochi di gruppo, baby dance, trucca bimbi, spettacoli di magia, spettacoli di bolle di sapone giganti, spettacoli di burattini, sculture di palloncini, caccia al tesoro o all\u2019assassino, laboratori creativi e pignatte.<br \/>\n<\/em>La nostra animazione \u00e8 rivolta ai bambini da 3 a 11 anni e prevede normalmente 3 ore di intrattenimento con 1 o pi\u00f9 animatori in base al numero degli invitati ed alle attivit\u00e0 richieste.<br \/>\nTutti i nostri <em>giochi di gruppo<\/em> sono pensati per l\u2019et\u00e0 dei partecipanti e per lo spazio a disposizione, sono mirati a coinvolgere tutti i bambini nell\u2019ottica di socializzazione, gioco di squadra e allegria.<\/p>\n<p style=\"text-align: left;\">Organizziamo anche <em><u>caccia al tesoro<\/u> e all\u2019assassino<\/em> in base all\u2019et\u00e0 e agli spazi disponibili.<\/p>\n<p style=\"text-align: left;\">La <em><u>baby dance<\/u><\/em> prevede balli di gruppo attuali e coinvolgenti, sulle basi e sulle musiche che portiamo alla festa, l\u2019impianto audio e microfono che utilizziamo sono professionali e a nostro carico.<\/p>\n<p style=\"text-align: left;\">Gli <em><u>spettacoli di magia, bolle di sapone e burattini<\/u><\/em> hanno una durata di 30 minuti cadauno e prevedono sempre nuove gags e storie e l\u2019 utilizzo di materiali professionali. I bambini vengono coinvolti non solo come spettatori ma anche come protagonisti. Potrete immortalare i piccoli in simpatiche gags magiche e bolle giganti e d\u2019impatto. Seguiamo corsi di aggiornamento continui con maghi e maestri di bolle di fama nazionale e attualizziamo ogni spettacolo per l\u2019et\u00e0 e il pubblico.<\/p>\n<p style=\"text-align: left;\">Le <em><u>pentolacce o pinate<\/u><\/em> sono opere uniche e originali, costruite in cartone e personalizzate a tema, sono realizzate a mano con tutti i riguardi di sicurezza sia per l\u2019apertura che in seguito per essere mantenute come ricordo. Non prevedono l\u2019utilizzo di bastoni per l\u2019apertura e sono costruite per rimanere al festeggiato come contenitori per giochi o matite.<\/p>\n<p style=\"text-align: left;\">Il <em><u>Trucca bimbi e il body painting\/tatuaggi<\/u><\/em> prevedono l\u2019utilizzo di prodotti testati, anallergici e facilmente struccabili. Suggeriamo ai partecipanti sempre nuovi soggetti per trasformarli nel loro personaggio preferito.<\/p>\n<p style=\"text-align: left;\"><em>I <u>laboratori creativi<\/u><\/em> sono a misura di bimbo : i bambini di oggi adorano fare qualcosa di pratico, utilizzare materiali e idee anche in modo originale, prepariamo i kit per ogni invitato attualizzandoli per l\u2019et\u00e0 e per il tema scelto, portando tutto l\u2019occorrente per realizzare un oggetto fatto a mano dai piccoli, un ricordo che per loro sia anche un regalo.<\/p>\n<p style=\"text-align: left;\">Con i palloncini infine saluteremo i piccoli con tante <em><u>sculture di palloncini modellabili<\/u><\/em>, lasciandogli anche un ricordo materiale del divertimento che vogliamo fargli respirare.<br \/>\nAbbiamo una visione quasi americana della festa, ma con un gusto e un attualizzazione decisamente italiana.<br \/>\nConosciamo molto bene i nostri piccoli clienti, avendo anche esperienza come genitori e cerchiamo sempre di mettere un occhio di riguardo e rispetto in tutto quello che facciamo, il divertimento \u00e8 fondamentale ma anche la complicit\u00e0, la stima\u00a0 e la sicurezza che utilizziamo con tutti loro.<\/p>\n<p style=\"text-align: left;\">Non troverete mai una foto dei vostri piccoli nei nostri materiali, senza la vostra specifica autorizzazione, perch\u00e9 prima di ogni altra cosa per noi viene il <strong>rispetto del bambino e della sua privacy<\/strong>.<\/p>\n<p style=\"text-align: left;\">Possiamo fornirvi suggerimenti anche per il <strong>catering, per il cake design, per la location <\/strong>sulla base delle nostre collaborazioni o con nuove ricerche mirate.<\/p>\n<p>[\/vc_column_text][\/vc_column][\/vc_row][vc_row content_width=&#8221;grid&#8221; content_aligment=&#8221;center&#8221;][vc_column][vc_empty_space][vc_column_text css_animation=&#8221;bounceIn&#8221; css=&#8221;.vc_custom_1542139506983{background-color: #5cc6da !important;}&#8221;]<\/p>\n<h2 style=\"text-align: center;\">Animazione per matrimoni<\/h2>\n<p>[\/vc_column_text][\/vc_column][\/vc_row][vc_row content_width=&#8221;grid&#8221; css=&#8221;.vc_custom_1542118212577{padding-top: 30px !important;padding-bottom: 30px !important;background-color: #ffffff !important;}&#8221;][vc_column offset=&#8221;vc_col-lg-6 vc_col-md-12&#8243;][vc_empty_space][vc_column_text]Il matrimonio \u00e8 una giornata di relax per tutti gli invitati, avere dei professionisti come noi a intrattenere e far divertire i bambini, significa potersi veramente concedere delle ore di riposo e divertimento per tutta la famiglia.<\/p>\n<p>Mentre i genitori si godranno la festa e mangeranno tranquillamente, noi coinvolgeremo i bambini <em>in giochi di gruppo, bolle di sapone, magia, laboratori creativi, trucca bimbi, tatuaggi, sculture di palloncini. <\/em><\/p>\n<p>Seguiremo i bambini <em>dall\u2019aperitivo fino al taglio della torta<\/em>, mediamente per 5 ore, ma siamo disponibili a valutare tutte le esigenze in base allo svolgimento della festa, all\u2019et\u00e0 ed al numero dei bambini presenti.<\/p>\n<p>Coinvolgiamo i bambini presenti con un\u2019animazione mai invasiva, facendo in modo che siano loro a scegliere di stare con noi attratti dalle nostre attivit\u00e0.<\/p>\n<p><em>L\u2019animazione ha inizio con l\u2019aperitivo dove con trucchi e tatuaggi facciamo entrare i bambini nel mondo dei nostri giochi, prosegue poi con l\u2019assistenza al tavolo bimbi, e con tutte le attivit\u00e0 previste (giochi di gruppo, laboratori creativi, spettacolo di magia e bolle, sculture di palloncini).<\/em><\/p>\n<p>Su richiesta possiamo essere affiancati dai nostri <em>giocolieri, trampolieri e artisti circensi<\/em> per completare la proposta.<\/p>\n<p>Con noi lavorano anche <em>Baby sitter<\/em> affidabili che possono affiancarci per i bambini sotto i 3 anni e farli partecipare all\u2019animazione in base ai loro tempi e alle loro abilit\u00e0, in totale sicurezza e relax.<\/p>\n<p><em>Possiamo fornirvi anche allestimento scenografico e con palloncini per la zona e il tavolo bimbi, weddingbag con ricordini e giochi per i piccoli invitati.<\/em>[\/vc_column_text][vc_empty_space][\/vc_column][vc_column offset=&#8221;vc_col-lg-6 vc_col-md-12&#8243;][vc_empty_space][vc_single_image image=&#8221;5000&#8243; img_size=&#8221;large&#8221; alignment=&#8221;center&#8221; onclick=&#8221;custom_link&#8221; link=&#8221;\/galleria-feste-bambini&#8221;][\/vc_column][\/vc_row][vc_row content_width=&#8221;grid&#8221; content_aligment=&#8221;center&#8221;][vc_column][vc_empty_space][vc_column_text css_animation=&#8221;bounceIn&#8221; css=&#8221;.vc_custom_1542140150045{background-color: #98d3b3 !important;}&#8221;]<\/p>\n<h2 style=\"text-align: center;\">Animazione di piazza ed eventi aziendali<\/h2>\n<p>[\/vc_column_text][\/vc_column][\/vc_row][vc_row content_width=&#8221;grid&#8221; css=&#8221;.vc_custom_1542118212577{padding-top: 30px !important;padding-bottom: 30px !important;background-color: #ffffff !important;}&#8221;][vc_column offset=&#8221;vc_col-lg-6 vc_col-md-12&#8243;][vc_empty_space][vc_column_text]<\/p>\n<p style=\"text-align: left;\">Collaboriamo con associazioni e comuni per realizzare l\u2019animazione dei bambini durante le <strong>feste di piazza<\/strong>, disponiamo di <em>giochi in formato gigante, noleggio gonfiabili e macchine dolciarie<\/em> in aggiunta a tutti i servizi di <em>animazione bambini<\/em> proposte per le feste private.<\/p>\n<p style=\"text-align: left;\">Possiamo inoltre realizzare aree di animazione a tema dove coinvolgere i bambini con giochi, spettacoli, attivit\u00e0 e laboratori anche su pi\u00f9 giornate<\/p>\n<p>[\/vc_column_text][vc_empty_space][\/vc_column][vc_column offset=&#8221;vc_col-lg-6 vc_col-md-12&#8243;][vc_empty_space][vc_single_image image=&#8221;5781&#8243; img_size=&#8221;600&#215;400&#8243; alignment=&#8221;center&#8221; onclick=&#8221;custom_link&#8221; link=&#8221;\/galleria-feste-bambini&#8221;][\/vc_column][\/vc_row][vc_row content_aligment=&#8221;center&#8221;][vc_column][vc_empty_space height=&#8221;60px&#8221;][vc_column_text el_class=&#8221;white_servizi&#8221; css=&#8221;.vc_custom_1542141706319{padding-top: 20px !important;padding-bottom: 20px !important;background-color: #7a87bf !important;}&#8221;]Dove c\u2019\u00e8 una festa c\u2019\u00e8 Party4all al vostro servizio[\/vc_column_text][vc_empty_space height=&#8221;90px&#8221;][\/vc_column][\/vc_row]<\/p>\n","protected":false},"excerpt":{"rendered":"<p>[vc_row content_width=&#8221;grid&#8221; content_aligment=&#8221;center&#8221;][vc_column][vc_empty_space height=&#8221;60px&#8221;][vc_column_text] Vuoi organizzare una strepitosa festa per bambini? [\/vc_column_text][vc_empty_space height=&#8221;60px&#8221;][vc_column_text css_animation=&#8221;fadeIn&#8221;] Ci pensa Party4All [\/vc_column_text][vc_empty_space height=&#8221;60px&#8221;][\/vc_column][\/vc_row][vc_row content_width=&#8221;grid&#8221; content_aligment=&#8221;center&#8221;][vc_column][vc_row_inner][vc_column_inner offset=&#8221;vc_col-lg-12 vc_col-md-12&#8243;][vc_column_text] Feste per compleanni, battesimi, comunioni, cresime, matrimoni \u00a0sono eventi importanti per i bambini e per la famiglia e ci vuole \u00a0tempo ed esperienza per organizzare un\u00a0 evento che sia studiato nei minimi dettagli. Ma niente paura le nostri Party Planner sono a vostra disposizione per aiutarvi ad organizzare una festa perfetta. &nbsp; Il nostro obiettivo \u00e8 mettere in opera i sogni di grandi e piccini, organizzando la&#8230;<\/p>\n","protected":false},"author":1,"featured_media":0,"parent":0,"menu_order":0,"comment_status":"closed","ping_status":"closed","template":"full-width.php","meta":{"footnotes":""},"class_list":["post-4955","page","type-page","status-publish","hentry"],"yoast_head":"<!-- This site is optimized with the Yoast SEO plugin v27.4 - https:\/\/yoast.com\/product\/yoast-seo-wordpress\/ -->\n<title>Animazione feste e compleanni bambini - Allestimenti con palloncini - Magia<\/title>\n<meta name=\"description\" content=\"Organizziamo feste e compleanni con i personaggi che i bambini pi\u00f9 amano, affidabilit\u00e0 divertimento assicurati.\" \/>\n<meta name=\"robots\" content=\"index, follow, max-snippet:-1, max-image-preview:large, max-video-preview:-1\" \/>\n<link rel=\"canonical\" href=\"https:\/\/www.party4all.it\/it\/feste-bambini\/\" \/>\n<meta property=\"og:locale\" content=\"it_IT\" \/>\n<meta property=\"og:type\" content=\"article\" \/>\n<meta property=\"og:title\" content=\"Animazione feste e compleanni bambini - Allestimenti con palloncini - Magia\" \/>\n<meta property=\"og:description\" content=\"Organizziamo feste e compleanni con i personaggi che i bambini pi\u00f9 amano, affidabilit\u00e0 divertimento assicurati.\" \/>\n<meta property=\"og:url\" content=\"https:\/\/www.party4all.it\/it\/feste-bambini\/\" \/>\n<meta property=\"og:site_name\" content=\"Party 4 All\" \/>\n<meta property=\"article:publisher\" content=\"https:\/\/www.facebook.com\/party4all.it\/\" \/>\n<meta property=\"article:modified_time\" content=\"2019-05-16T13:50:45+00:00\" \/>\n<meta name=\"twitter:card\" content=\"summary_large_image\" \/>\n<meta name=\"twitter:label1\" content=\"Tempo di lettura stimato\" \/>\n\t<meta name=\"twitter:data1\" content=\"10 minuti\" \/>\n<script type=\"application\/ld+json\" class=\"yoast-schema-graph\">{\"@context\":\"https:\\\/\\\/schema.org\",\"@graph\":[{\"@type\":\"WebPage\",\"@id\":\"https:\\\/\\\/www.party4all.it\\\/it\\\/feste-bambini\\\/\",\"url\":\"https:\\\/\\\/www.party4all.it\\\/it\\\/feste-bambini\\\/\",\"name\":\"Animazione feste e compleanni bambini - Allestimenti con palloncini - Magia\",\"isPartOf\":{\"@id\":\"https:\\\/\\\/www.party4all.it\\\/it\\\/#website\"},\"datePublished\":\"2018-11-13T13:41:02+00:00\",\"dateModified\":\"2019-05-16T13:50:45+00:00\",\"description\":\"Organizziamo feste e compleanni con i personaggi che i bambini pi\u00f9 amano, affidabilit\u00e0 divertimento assicurati.\",\"breadcrumb\":{\"@id\":\"https:\\\/\\\/www.party4all.it\\\/it\\\/feste-bambini\\\/#breadcrumb\"},\"inLanguage\":\"it-IT\",\"potentialAction\":[{\"@type\":\"ReadAction\",\"target\":[\"https:\\\/\\\/www.party4all.it\\\/it\\\/feste-bambini\\\/\"]}]},{\"@type\":\"BreadcrumbList\",\"@id\":\"https:\\\/\\\/www.party4all.it\\\/it\\\/feste-bambini\\\/#breadcrumb\",\"itemListElement\":[{\"@type\":\"ListItem\",\"position\":1,\"name\":\"Home\",\"item\":\"https:\\\/\\\/www.party4all.it\\\/it\\\/\"},{\"@type\":\"ListItem\",\"position\":2,\"name\":\"Feste Bambini\"}]},{\"@type\":\"WebSite\",\"@id\":\"https:\\\/\\\/www.party4all.it\\\/it\\\/#website\",\"url\":\"https:\\\/\\\/www.party4all.it\\\/it\\\/\",\"name\":\"Party 4 All\",\"description\":\"Party 4 All website\",\"publisher\":{\"@id\":\"https:\\\/\\\/www.party4all.it\\\/it\\\/#organization\"},\"potentialAction\":[{\"@type\":\"SearchAction\",\"target\":{\"@type\":\"EntryPoint\",\"urlTemplate\":\"https:\\\/\\\/www.party4all.it\\\/it\\\/?s={search_term_string}\"},\"query-input\":{\"@type\":\"PropertyValueSpecification\",\"valueRequired\":true,\"valueName\":\"search_term_string\"}}],\"inLanguage\":\"it-IT\"},{\"@type\":\"Organization\",\"@id\":\"https:\\\/\\\/www.party4all.it\\\/it\\\/#organization\",\"name\":\"Party 4 All\",\"url\":\"https:\\\/\\\/www.party4all.it\\\/it\\\/\",\"logo\":{\"@type\":\"ImageObject\",\"inLanguage\":\"it-IT\",\"@id\":\"https:\\\/\\\/www.party4all.it\\\/it\\\/#\\\/schema\\\/logo\\\/image\\\/\",\"url\":\"https:\\\/\\\/www.party4all.it\\\/wp-content\\\/uploads\\\/2018\\\/10\\\/logo_small-4.png\",\"contentUrl\":\"https:\\\/\\\/www.party4all.it\\\/wp-content\\\/uploads\\\/2018\\\/10\\\/logo_small-4.png\",\"width\":224,\"height\":90,\"caption\":\"Party 4 All\"},\"image\":{\"@id\":\"https:\\\/\\\/www.party4all.it\\\/it\\\/#\\\/schema\\\/logo\\\/image\\\/\"},\"sameAs\":[\"https:\\\/\\\/www.facebook.com\\\/party4all.it\\\/\"]}]}<\/script>\n<!-- \/ Yoast SEO plugin. -->","yoast_head_json":{"title":"Animazione feste e compleanni bambini - Allestimenti con palloncini - Magia","description":"Organizziamo feste e compleanni con i personaggi che i bambini pi\u00f9 amano, affidabilit\u00e0 divertimento assicurati.","robots":{"index":"index","follow":"follow","max-snippet":"max-snippet:-1","max-image-preview":"max-image-preview:large","max-video-preview":"max-video-preview:-1"},"canonical":"https:\/\/www.party4all.it\/it\/feste-bambini\/","og_locale":"it_IT","og_type":"article","og_title":"Animazione feste e compleanni bambini - Allestimenti con palloncini - Magia","og_description":"Organizziamo feste e compleanni con i personaggi che i bambini pi\u00f9 amano, affidabilit\u00e0 divertimento assicurati.","og_url":"https:\/\/www.party4all.it\/it\/feste-bambini\/","og_site_name":"Party 4 All","article_publisher":"https:\/\/www.facebook.com\/party4all.it\/","article_modified_time":"2019-05-16T13:50:45+00:00","twitter_card":"summary_large_image","twitter_misc":{"Tempo di lettura stimato":"10 minuti"},"schema":{"@context":"https:\/\/schema.org","@graph":[{"@type":"WebPage","@id":"https:\/\/www.party4all.it\/it\/feste-bambini\/","url":"https:\/\/www.party4all.it\/it\/feste-bambini\/","name":"Animazione feste e compleanni bambini - Allestimenti con palloncini - Magia","isPartOf":{"@id":"https:\/\/www.party4all.it\/it\/#website"},"datePublished":"2018-11-13T13:41:02+00:00","dateModified":"2019-05-16T13:50:45+00:00","description":"Organizziamo feste e compleanni con i personaggi che i bambini pi\u00f9 amano, affidabilit\u00e0 divertimento assicurati.","breadcrumb":{"@id":"https:\/\/www.party4all.it\/it\/feste-bambini\/#breadcrumb"},"inLanguage":"it-IT","potentialAction":[{"@type":"ReadAction","target":["https:\/\/www.party4all.it\/it\/feste-bambini\/"]}]},{"@type":"BreadcrumbList","@id":"https:\/\/www.party4all.it\/it\/feste-bambini\/#breadcrumb","itemListElement":[{"@type":"ListItem","position":1,"name":"Home","item":"https:\/\/www.party4all.it\/it\/"},{"@type":"ListItem","position":2,"name":"Feste Bambini"}]},{"@type":"WebSite","@id":"https:\/\/www.party4all.it\/it\/#website","url":"https:\/\/www.party4all.it\/it\/","name":"Party 4 All","description":"Party 4 All website","publisher":{"@id":"https:\/\/www.party4all.it\/it\/#organization"},"potentialAction":[{"@type":"SearchAction","target":{"@type":"EntryPoint","urlTemplate":"https:\/\/www.party4all.it\/it\/?s={search_term_string}"},"query-input":{"@type":"PropertyValueSpecification","valueRequired":true,"valueName":"search_term_string"}}],"inLanguage":"it-IT"},{"@type":"Organization","@id":"https:\/\/www.party4all.it\/it\/#organization","name":"Party 4 All","url":"https:\/\/www.party4all.it\/it\/","logo":{"@type":"ImageObject","inLanguage":"it-IT","@id":"https:\/\/www.party4all.it\/it\/#\/schema\/logo\/image\/","url":"https:\/\/www.party4all.it\/wp-content\/uploads\/2018\/10\/logo_small-4.png","contentUrl":"https:\/\/www.party4all.it\/wp-content\/uploads\/2018\/10\/logo_small-4.png","width":224,"height":90,"caption":"Party 4 All"},"image":{"@id":"https:\/\/www.party4all.it\/it\/#\/schema\/logo\/image\/"},"sameAs":["https:\/\/www.facebook.com\/party4all.it\/"]}]}},"_links":{"self":[{"href":"https:\/\/www.party4all.it\/it\/wp-json\/wp\/v2\/pages\/4955","targetHints":{"allow":["GET"]}}],"collection":[{"href":"https:\/\/www.party4all.it\/it\/wp-json\/wp\/v2\/pages"}],"about":[{"href":"https:\/\/www.party4all.it\/it\/wp-json\/wp\/v2\/types\/page"}],"author":[{"embeddable":true,"href":"https:\/\/www.party4all.it\/it\/wp-json\/wp\/v2\/users\/1"}],"replies":[{"embeddable":true,"href":"https:\/\/www.party4all.it\/it\/wp-json\/wp\/v2\/comments?post=4955"}],"version-history":[{"count":68,"href":"https:\/\/www.party4all.it\/it\/wp-json\/wp\/v2\/pages\/4955\/revisions"}],"predecessor-version":[{"id":5834,"href":"https:\/\/www.party4all.it\/it\/wp-json\/wp\/v2\/pages\/4955\/revisions\/5834"}],"wp:attachment":[{"href":"https:\/\/www.party4all.it\/it\/wp-json\/wp\/v2\/media?parent=4955"}],"curies":[{"name":"wp","href":"https:\/\/api.w.org\/{rel}","templated":true}]}}