{"id":4787,"date":"2018-10-18T13:14:58","date_gmt":"2018-10-18T13:14:58","guid":{"rendered":"https:\/\/party4all.okwebsite.it\/?page_id=4787"},"modified":"2019-05-16T13:48:27","modified_gmt":"2019-05-16T13:48:27","slug":"chi-sono","status":"publish","type":"page","link":"https:\/\/www.party4all.it\/it\/chi-sono\/","title":{"rendered":"Chi sono"},"content":{"rendered":"<p>[vc_row content_width=&#8221;grid&#8221; content_aligment=&#8221;center&#8221;][vc_column][vc_empty_space height=&#8221;60px&#8221;][vc_column_text]<\/p>\n<h2>La mia storia<\/h2>\n<p>[\/vc_column_text][vc_empty_space height=&#8221;60px&#8221;][\/vc_column][\/vc_row][vc_row content_width=&#8221;grid&#8221; css=&#8221;.vc_custom_1540924210525{padding-top: 30px !important;padding-bottom: 30px !important;background-color: #f6f6f6 !important;}&#8221;][vc_column offset=&#8221;vc_col-lg-6 vc_col-md-12&#8243;][vc_empty_space][vc_single_image image=&#8221;5036&#8243; img_size=&#8221;600&#215;400&#8243; style=&#8221;vc_box_circle_2&#8243;][\/vc_column][vc_column offset=&#8221;vc_col-lg-6 vc_col-md-12&#8243;][vc_empty_space][vc_column_text]Sono Laura Ferraris, titolare dell\u2019agenzia, ho lavorato per oltre 10 anni per importanti aziende di moda in Lombardia e Toscana, viaggiavo per trovare location per nuove aperture, per formare il personale alla vendita e al visual merchandising.<\/p>\n<p>Adoravo fare della mia <strong>creativit\u00e0 e organizzazione<\/strong> un biglietto da visita per i nostri clienti. I negozi che seguivo dovevano attrarre il cliente e fidelizzarlo con il servizio e la professionalit\u00e0 del team.<\/p>\n<p>Nel 2010 la mia vita cambia e nascono 2 splendide gemelle Gaia e Ginevra, che mi danno la spinta per intraprendere una nuova avventura lavorativa, mettere a disposizione del cliente la mia esperienza per <strong>organizzare una festa perfetta<\/strong>.<\/p>\n<p>Mi piace definirmi un\u2019 <strong>artigiana delle feste<\/strong>, perch\u00e9 creo insieme al mio team un evento o un matrimonio personalizzato per il cliente. Ascolto i sogni e le idee del cliente e progetto per lui una <strong>festa su misura<\/strong>.[\/vc_column_text][\/vc_column][\/vc_row][vc_row content_width=&#8221;grid&#8221; content_aligment=&#8221;center&#8221;][vc_column][vc_empty_space height=&#8221;100px&#8221;][vc_column_text]<\/p>\n<h2>I miei punti forti<\/h2>\n<p>[\/vc_column_text][\/vc_column][\/vc_row][vc_row content_width=&#8221;grid&#8221; content_aligment=&#8221;center&#8221; css=&#8221;.vc_custom_1540924181266{padding-top: 90px !important;padding-bottom: 30px !important;}&#8221;][vc_column width=&#8221;2\/3&#8243;][vc_empty_space height=&#8221;30px&#8221;][vc_column_text]<\/p>\n<h3 style=\"text-align: left;\">Allestimenti e decorazioni<\/h3>\n<p>[\/vc_column_text][vc_column_text]<\/p>\n<p style=\"text-align: left;\">Forte delle mie conoscenze di scenografia e decorazione e di una visione su grande scala (le vetrine degli shop, le inaugurazioni dei negozi, le sfilate), posso consigliare al meglio chi mi contatta.<br \/>\nMi piace studiare ogni dettaglio per <strong>creare l\u2019atmosfera ideale per qualsiasi tipo di evento<\/strong>. Realizziamo le decorazioni a mano con cura e tanta passione. Che sia una festa per bambini o un matrimonio stile royal wedding tutto sar\u00e0 perfetto.<\/p>\n<p>[\/vc_column_text]<a itemprop=\"url\" href=\"\/feste-per-adulti\" target=\"_self\" style=\"margin: 15px\" class=\"qodef-btn qodef-btn-medium qodef-btn-outline qodef-btn-icon\"  >\n    <span class=\"qodef-btn-text\">Scopri di pi\u00f9<\/span>\n    <i class=\"qodef-icon-font-awesome fa fa-arrow-right \" ><\/i><\/a>[vc_empty_space height=&#8221;30px&#8221;][\/vc_column][vc_column width=&#8221;1\/3&#8243;][vc_empty_space height=&#8221;30px&#8221;][vc_single_image image=&#8221;4908&#8243; img_size=&#8221;medium&#8221; css_animation=&#8221;bounceIn&#8221;][\/vc_column][\/vc_row][vc_row content_width=&#8221;grid&#8221; content_aligment=&#8221;center&#8221; css=&#8221;.vc_custom_1540924286064{padding-top: 30px !important;padding-bottom: 30px !important;}&#8221;][vc_column width=&#8221;1\/3&#8243;][vc_empty_space height=&#8221;30px&#8221;][vc_single_image image=&#8221;4912&#8243; img_size=&#8221;medium&#8221; alignment=&#8221;right&#8221; css_animation=&#8221;bounceIn&#8221;][\/vc_column][vc_column width=&#8221;2\/3&#8243;][vc_empty_space height=&#8221;30px&#8221;][vc_column_text]<\/p>\n<h3 style=\"text-align: right;\">Feste per Bambini<\/h3>\n<p>[\/vc_column_text][vc_column_text]<\/p>\n<p style=\"text-align: right;\">I bambini sono una parte fondamentale del nostro core business, la mia anima di mamma e l\u2019essere sempre a contatto con loro, mi ispira per realizzare i loro desideri e cos\u00ec nascono <strong>feste a tema<\/strong>, <strong>animazioni e spettacoli<\/strong> <strong>per bambini, <\/strong>dove anche i sogni di noi adulti trovano realizzazione.<\/p>\n<p>[\/vc_column_text]<a itemprop=\"url\" href=\"\/feste-bambini\" target=\"_self\" style=\"margin: 15px\" class=\"qodef-btn qodef-btn-medium qodef-btn-outline qodef-btn-icon\"  >\n    <span class=\"qodef-btn-text\">Scopri di pi\u00f9<\/span>\n    <i class=\"qodef-icon-font-awesome fa fa-arrow-right \" ><\/i><\/a>[vc_empty_space height=&#8221;30px&#8221;][\/vc_column][\/vc_row][vc_row content_width=&#8221;grid&#8221; content_aligment=&#8221;center&#8221; css=&#8221;.vc_custom_1540924556033{padding-top: 30px !important;padding-bottom: 30px !important;}&#8221;][vc_column width=&#8221;2\/3&#8243;][vc_empty_space height=&#8221;30px&#8221;][vc_column_text]<\/p>\n<h3 style=\"text-align: left;\">Organizzazione di Matrimoni<\/h3>\n<p>[\/vc_column_text][vc_column_text]<\/p>\n<p style=\"text-align: left;\">L\u2019attivit\u00e0 di <strong>wedding planner<\/strong> nasce dall\u2019esperienza ma anche da un giorno per me molto importante, il mio matrimonio, organizzato\u00a0 completamente da sola, mi ha permesso di conoscere in prima persona le esigenze, le difficolt\u00e0, l\u2019importanza che questo giorno riveste per una coppia.<br \/>\nAmo definirmi il braccio destro degli sposi, perch\u00e9 con loro <strong>progetto un sogno<\/strong> e con loro seleziono fornitori, location e tutto l\u2019occorrente per realizzarlo.<\/p>\n<p>[\/vc_column_text]<a itemprop=\"url\" href=\"\/wedding-planner\" target=\"_self\" style=\"margin: 15px\" class=\"qodef-btn qodef-btn-medium qodef-btn-outline qodef-btn-icon\"  >\n    <span class=\"qodef-btn-text\">Scopri di pi\u00f9<\/span>\n    <i class=\"qodef-icon-font-awesome fa fa-arrow-right \" ><\/i><\/a>[vc_empty_space height=&#8221;30px&#8221;][\/vc_column][vc_column width=&#8221;1\/3&#8243;][vc_empty_space height=&#8221;30px&#8221;][vc_single_image image=&#8221;4934&#8243; img_size=&#8221;medium&#8221; css_animation=&#8221;bounceIn&#8221;][\/vc_column][\/vc_row][vc_row content_width=&#8221;grid&#8221; content_aligment=&#8221;center&#8221; css=&#8221;.vc_custom_1540924286064{padding-top: 30px !important;padding-bottom: 30px !important;}&#8221;][vc_column width=&#8221;1\/3&#8243;][vc_empty_space height=&#8221;30px&#8221;][vc_single_image image=&#8221;4939&#8243; img_size=&#8221;medium&#8221; alignment=&#8221;right&#8221; css_animation=&#8221;bounceIn&#8221;][\/vc_column][vc_column width=&#8221;2\/3&#8243;][vc_empty_space height=&#8221;30px&#8221;][vc_column_text]<\/p>\n<h3 style=\"text-align: right;\">Formazione<\/h3>\n<p>[\/vc_column_text][vc_column_text]<\/p>\n<p style=\"text-align: right;\">La formazione riveste un ruolo fondamentale per noi, io in primis ho seguito corsi professionali di <strong>wedding e destination planning<\/strong> con importanti wedding planner. L\u2019aggiornamento per me e per il mio team non termina mai : seguo personalmente la formazione degli <strong>animatori per bambini<\/strong> e collaboro da anni con artisti e fornitori selezionati e affidabili.<\/p>\n<p>[\/vc_column_text]<a itemprop=\"url\" href=\"\/galleria-wedding-planner\" target=\"_self\" style=\"margin: 15px\" class=\"qodef-btn qodef-btn-medium qodef-btn-outline qodef-btn-icon\"  >\n    <span class=\"qodef-btn-text\">Guarda la Gallery<\/span>\n    <i class=\"qodef-icon-font-awesome fa fa-photo \" ><\/i><\/a>[vc_empty_space height=&#8221;30px&#8221;][\/vc_column][\/vc_row][vc_row content_width=&#8221;grid&#8221; content_aligment=&#8221;center&#8221; css=&#8221;.vc_custom_1540924556033{padding-top: 30px !important;padding-bottom: 30px !important;}&#8221;][vc_column width=&#8221;2\/3&#8243;][vc_empty_space height=&#8221;30px&#8221;][vc_column_text]<\/p>\n<h3 style=\"text-align: left;\">Location<\/h3>\n<p>[\/vc_column_text][vc_column_text]<\/p>\n<p style=\"text-align: left;\">Conosciamo bene il territorio dove lavoriamo, il <strong>Mugello e Firenze<\/strong> sono il nostro ambiente : ville, castelli, agriturismi e soluzioni originali, la nostra terra offre molto anche per le coppie di stranieri. Una zona poco conosciuta rispetto al Chianti e ad altre location in Toscana, ma con tantissime potenzialit\u00e0 che possiamo mostrarvi conoscendole bene.<\/p>\n<p style=\"text-align: left;\">L\u2019aver viaggiato molto per lavoro in Italia, mi ha dato una visione aperta anche per suggerirvi destinazioni differenti o per affiancarvi in un luogo gi\u00e0 selezionato da voi.<\/p>\n<p style=\"text-align: left;\">La passione per il bello, per l\u2019Italia e la Toscana viste con un occhio cosmopolita, rendono Party4all il partner ideale per gli stranieri che vogliono sposarsi in Italia scegliendo una wedding planner italiana.<\/p>\n<p>[\/vc_column_text]<a itemprop=\"url\" href=\"\/galleria-wedding-planner\" target=\"_self\" style=\"margin: 15px\" class=\"qodef-btn qodef-btn-medium qodef-btn-outline qodef-btn-icon\"  >\n    <span class=\"qodef-btn-text\">Guarda la Gallery<\/span>\n    <i class=\"qodef-icon-font-awesome fa fa-photo \" ><\/i><\/a>[vc_empty_space height=&#8221;30px&#8221;][\/vc_column][vc_column width=&#8221;1\/3&#8243;][vc_empty_space height=&#8221;30px&#8221;][vc_single_image image=&#8221;4943&#8243; img_size=&#8221;medium&#8221; css_animation=&#8221;bounceIn&#8221;][\/vc_column][\/vc_row]<\/p>\n","protected":false},"excerpt":{"rendered":"<p>[vc_row content_width=&#8221;grid&#8221; content_aligment=&#8221;center&#8221;][vc_column][vc_empty_space height=&#8221;60px&#8221;][vc_column_text] La mia storia [\/vc_column_text][vc_empty_space height=&#8221;60px&#8221;][\/vc_column][\/vc_row][vc_row content_width=&#8221;grid&#8221; css=&#8221;.vc_custom_1540924210525{padding-top: 30px !important;padding-bottom: 30px !important;background-color: #f6f6f6 !important;}&#8221;][vc_column offset=&#8221;vc_col-lg-6 vc_col-md-12&#8243;][vc_empty_space][vc_single_image image=&#8221;5036&#8243; img_size=&#8221;600&#215;400&#8243; style=&#8221;vc_box_circle_2&#8243;][\/vc_column][vc_column offset=&#8221;vc_col-lg-6 vc_col-md-12&#8243;][vc_empty_space][vc_column_text]Sono Laura Ferraris, titolare dell\u2019agenzia, ho lavorato per oltre 10 anni per importanti aziende di moda in Lombardia e Toscana, viaggiavo per trovare location per nuove aperture, per formare il personale alla vendita e al visual merchandising. Adoravo fare della mia creativit\u00e0 e organizzazione un biglietto da visita per i nostri clienti. I negozi che seguivo dovevano attrarre il cliente e fidelizzarlo con il servizio e la&#8230;<\/p>\n","protected":false},"author":1,"featured_media":0,"parent":0,"menu_order":0,"comment_status":"closed","ping_status":"closed","template":"full-width.php","meta":{"footnotes":""},"class_list":["post-4787","page","type-page","status-publish","hentry"],"yoast_head":"<!-- This site is optimized with the Yoast SEO plugin v27.6 - https:\/\/yoast.com\/product\/yoast-seo-wordpress\/ -->\n<title>Chi sono : scopri chi \u00e9 Party4all<\/title>\n<meta name=\"description\" content=\"Wedding e party planner, Laura Ferraris \u00e9 l&#039;anima di Party4all.La sua esperienza nel settore, la sua creativit\u00e0 per una festa perfetta\" \/>\n<meta name=\"robots\" content=\"index, follow, max-snippet:-1, max-image-preview:large, max-video-preview:-1\" \/>\n<link rel=\"canonical\" href=\"https:\/\/www.party4all.it\/it\/chi-sono\/\" \/>\n<meta property=\"og:locale\" content=\"it_IT\" \/>\n<meta property=\"og:type\" content=\"article\" \/>\n<meta property=\"og:title\" content=\"Chi sono : scopri chi \u00e9 Party4all\" \/>\n<meta property=\"og:description\" content=\"Wedding e party planner, Laura Ferraris \u00e9 l&#039;anima di Party4all.La sua esperienza nel settore, la sua creativit\u00e0 per una festa perfetta\" \/>\n<meta property=\"og:url\" content=\"https:\/\/www.party4all.it\/it\/chi-sono\/\" \/>\n<meta property=\"og:site_name\" content=\"Party 4 All\" \/>\n<meta property=\"article:publisher\" content=\"https:\/\/www.facebook.com\/party4all.it\/\" \/>\n<meta property=\"article:modified_time\" content=\"2019-05-16T13:48:27+00:00\" \/>\n<meta name=\"twitter:card\" content=\"summary_large_image\" \/>\n<meta name=\"twitter:label1\" content=\"Tempo di lettura stimato\" \/>\n\t<meta name=\"twitter:data1\" content=\"5 minuti\" \/>\n<script type=\"application\/ld+json\" class=\"yoast-schema-graph\">{\"@context\":\"https:\\\/\\\/schema.org\",\"@graph\":[{\"@type\":\"WebPage\",\"@id\":\"https:\\\/\\\/www.party4all.it\\\/it\\\/chi-sono\\\/\",\"url\":\"https:\\\/\\\/www.party4all.it\\\/it\\\/chi-sono\\\/\",\"name\":\"Chi sono : scopri chi \u00e9 Party4all\",\"isPartOf\":{\"@id\":\"https:\\\/\\\/www.party4all.it\\\/it\\\/#website\"},\"datePublished\":\"2018-10-18T13:14:58+00:00\",\"dateModified\":\"2019-05-16T13:48:27+00:00\",\"description\":\"Wedding e party planner, Laura Ferraris \u00e9 l'anima di Party4all.La sua esperienza nel settore, la sua creativit\u00e0 per una festa perfetta\",\"breadcrumb\":{\"@id\":\"https:\\\/\\\/www.party4all.it\\\/it\\\/chi-sono\\\/#breadcrumb\"},\"inLanguage\":\"it-IT\",\"potentialAction\":[{\"@type\":\"ReadAction\",\"target\":[\"https:\\\/\\\/www.party4all.it\\\/it\\\/chi-sono\\\/\"]}]},{\"@type\":\"BreadcrumbList\",\"@id\":\"https:\\\/\\\/www.party4all.it\\\/it\\\/chi-sono\\\/#breadcrumb\",\"itemListElement\":[{\"@type\":\"ListItem\",\"position\":1,\"name\":\"Home\",\"item\":\"https:\\\/\\\/www.party4all.it\\\/it\\\/\"},{\"@type\":\"ListItem\",\"position\":2,\"name\":\"Chi sono\"}]},{\"@type\":\"WebSite\",\"@id\":\"https:\\\/\\\/www.party4all.it\\\/it\\\/#website\",\"url\":\"https:\\\/\\\/www.party4all.it\\\/it\\\/\",\"name\":\"Party 4 All\",\"description\":\"Party 4 All website\",\"publisher\":{\"@id\":\"https:\\\/\\\/www.party4all.it\\\/it\\\/#organization\"},\"potentialAction\":[{\"@type\":\"SearchAction\",\"target\":{\"@type\":\"EntryPoint\",\"urlTemplate\":\"https:\\\/\\\/www.party4all.it\\\/it\\\/?s={search_term_string}\"},\"query-input\":{\"@type\":\"PropertyValueSpecification\",\"valueRequired\":true,\"valueName\":\"search_term_string\"}}],\"inLanguage\":\"it-IT\"},{\"@type\":\"Organization\",\"@id\":\"https:\\\/\\\/www.party4all.it\\\/it\\\/#organization\",\"name\":\"Party 4 All\",\"url\":\"https:\\\/\\\/www.party4all.it\\\/it\\\/\",\"logo\":{\"@type\":\"ImageObject\",\"inLanguage\":\"it-IT\",\"@id\":\"https:\\\/\\\/www.party4all.it\\\/it\\\/#\\\/schema\\\/logo\\\/image\\\/\",\"url\":\"https:\\\/\\\/www.party4all.it\\\/wp-content\\\/uploads\\\/2018\\\/10\\\/logo_small-4.png\",\"contentUrl\":\"https:\\\/\\\/www.party4all.it\\\/wp-content\\\/uploads\\\/2018\\\/10\\\/logo_small-4.png\",\"width\":224,\"height\":90,\"caption\":\"Party 4 All\"},\"image\":{\"@id\":\"https:\\\/\\\/www.party4all.it\\\/it\\\/#\\\/schema\\\/logo\\\/image\\\/\"},\"sameAs\":[\"https:\\\/\\\/www.facebook.com\\\/party4all.it\\\/\"]}]}<\/script>\n<!-- \/ Yoast SEO plugin. -->","yoast_head_json":{"title":"Chi sono : scopri chi \u00e9 Party4all","description":"Wedding e party planner, Laura Ferraris \u00e9 l'anima di Party4all.La sua esperienza nel settore, la sua creativit\u00e0 per una festa perfetta","robots":{"index":"index","follow":"follow","max-snippet":"max-snippet:-1","max-image-preview":"max-image-preview:large","max-video-preview":"max-video-preview:-1"},"canonical":"https:\/\/www.party4all.it\/it\/chi-sono\/","og_locale":"it_IT","og_type":"article","og_title":"Chi sono : scopri chi \u00e9 Party4all","og_description":"Wedding e party planner, Laura Ferraris \u00e9 l'anima di Party4all.La sua esperienza nel settore, la sua creativit\u00e0 per una festa perfetta","og_url":"https:\/\/www.party4all.it\/it\/chi-sono\/","og_site_name":"Party 4 All","article_publisher":"https:\/\/www.facebook.com\/party4all.it\/","article_modified_time":"2019-05-16T13:48:27+00:00","twitter_card":"summary_large_image","twitter_misc":{"Tempo di lettura stimato":"5 minuti"},"schema":{"@context":"https:\/\/schema.org","@graph":[{"@type":"WebPage","@id":"https:\/\/www.party4all.it\/it\/chi-sono\/","url":"https:\/\/www.party4all.it\/it\/chi-sono\/","name":"Chi sono : scopri chi \u00e9 Party4all","isPartOf":{"@id":"https:\/\/www.party4all.it\/it\/#website"},"datePublished":"2018-10-18T13:14:58+00:00","dateModified":"2019-05-16T13:48:27+00:00","description":"Wedding e party planner, Laura Ferraris \u00e9 l'anima di Party4all.La sua esperienza nel settore, la sua creativit\u00e0 per una festa perfetta","breadcrumb":{"@id":"https:\/\/www.party4all.it\/it\/chi-sono\/#breadcrumb"},"inLanguage":"it-IT","potentialAction":[{"@type":"ReadAction","target":["https:\/\/www.party4all.it\/it\/chi-sono\/"]}]},{"@type":"BreadcrumbList","@id":"https:\/\/www.party4all.it\/it\/chi-sono\/#breadcrumb","itemListElement":[{"@type":"ListItem","position":1,"name":"Home","item":"https:\/\/www.party4all.it\/it\/"},{"@type":"ListItem","position":2,"name":"Chi sono"}]},{"@type":"WebSite","@id":"https:\/\/www.party4all.it\/it\/#website","url":"https:\/\/www.party4all.it\/it\/","name":"Party 4 All","description":"Party 4 All website","publisher":{"@id":"https:\/\/www.party4all.it\/it\/#organization"},"potentialAction":[{"@type":"SearchAction","target":{"@type":"EntryPoint","urlTemplate":"https:\/\/www.party4all.it\/it\/?s={search_term_string}"},"query-input":{"@type":"PropertyValueSpecification","valueRequired":true,"valueName":"search_term_string"}}],"inLanguage":"it-IT"},{"@type":"Organization","@id":"https:\/\/www.party4all.it\/it\/#organization","name":"Party 4 All","url":"https:\/\/www.party4all.it\/it\/","logo":{"@type":"ImageObject","inLanguage":"it-IT","@id":"https:\/\/www.party4all.it\/it\/#\/schema\/logo\/image\/","url":"https:\/\/www.party4all.it\/wp-content\/uploads\/2018\/10\/logo_small-4.png","contentUrl":"https:\/\/www.party4all.it\/wp-content\/uploads\/2018\/10\/logo_small-4.png","width":224,"height":90,"caption":"Party 4 All"},"image":{"@id":"https:\/\/www.party4all.it\/it\/#\/schema\/logo\/image\/"},"sameAs":["https:\/\/www.facebook.com\/party4all.it\/"]}]}},"_links":{"self":[{"href":"https:\/\/www.party4all.it\/it\/wp-json\/wp\/v2\/pages\/4787","targetHints":{"allow":["GET"]}}],"collection":[{"href":"https:\/\/www.party4all.it\/it\/wp-json\/wp\/v2\/pages"}],"about":[{"href":"https:\/\/www.party4all.it\/it\/wp-json\/wp\/v2\/types\/page"}],"author":[{"embeddable":true,"href":"https:\/\/www.party4all.it\/it\/wp-json\/wp\/v2\/users\/1"}],"replies":[{"embeddable":true,"href":"https:\/\/www.party4all.it\/it\/wp-json\/wp\/v2\/comments?post=4787"}],"version-history":[{"count":88,"href":"https:\/\/www.party4all.it\/it\/wp-json\/wp\/v2\/pages\/4787\/revisions"}],"predecessor-version":[{"id":5751,"href":"https:\/\/www.party4all.it\/it\/wp-json\/wp\/v2\/pages\/4787\/revisions\/5751"}],"wp:attachment":[{"href":"https:\/\/www.party4all.it\/it\/wp-json\/wp\/v2\/media?parent=4787"}],"curies":[{"name":"wp","href":"https:\/\/api.w.org\/{rel}","templated":true}]}}