{"id":2886,"date":"2016-06-22T08:55:43","date_gmt":"2016-06-22T08:55:43","guid":{"rendered":"http:\/\/moments.select-themes.com\/?page_id=2886"},"modified":"2019-04-25T19:17:28","modified_gmt":"2019-04-25T19:17:28","slug":"home","status":"publish","type":"page","link":"https:\/\/www.party4all.it\/it\/","title":{"rendered":"Home"},"content":{"rendered":"<p>[vc_row][vc_column][rev_slider_vc alias=&#8221;homeparty4all&#8221;][\/vc_column][\/vc_row][vc_row content_aligment=&#8221;center&#8221;][vc_column][vc_empty_space height=&#8221;60px&#8221;][vc_column_text]<\/p>\n<h2>Party4all, una festa per tutte le esigenze.<\/h2>\n<p>[\/vc_column_text][vc_empty_space height=&#8221;60px&#8221;][\/vc_column][\/vc_row][vc_row content_width=&#8221;grid&#8221; css=&#8221;.vc_custom_1540283616920{background-color: #f6f6f6 !important;}&#8221;][vc_column offset=&#8221;vc_col-lg-6 vc_col-md-11&#8243;][vc_empty_space height=&#8221;60px&#8221;][vc_single_image image=&#8221;1442&#8243; img_size=&#8221;large&#8221; add_caption=&#8221;yes&#8221; alignment=&#8221;center&#8221;][vc_empty_space height=&#8221;60px&#8221;][\/vc_column][vc_column offset=&#8221;vc_col-lg-6 vc_col-md-12&#8243;][vc_empty_space height=&#8221;90px&#8221;][vc_column_text]E\u2019 da questa idea che nel 2011 \u00a0nasce Party4All, un\u2019 agenzia di <strong>organizzazione feste e matrimoni<\/strong> capace di soddisfare ogni desiderio del cliente.<\/p>\n<p>Dove c\u2019\u00e8 festa ci siamo noi : <strong>compleanni per bambini e adulti, matrimoni, anniversari, battesimi, comunioni, inaugurazioni e fantastici party<\/strong> per celebrare un\u2019 occasione speciale sono il nostro pane quotidiano.<\/p>\n<p>Scegliere noi significa scegliere un gruppo di professioniste che sapranno affiancarvi nell\u2019organizzazione dell\u2019evento, senza stress e senza rischi, perch\u00e9 la nostra esperienza sar\u00e0 completamente a vostra disposizione.<\/p>\n<p>Penseremo noi all\u2019allestimento, all\u2019animazione, alla fornitura di materiale e a rendere la festa un evento perfetto, voi dovrete solo divertirvi![\/vc_column_text][\/vc_column][\/vc_row][vc_row content_aligment=&#8221;center&#8221;][vc_column][vc_empty_space height=&#8221;60px&#8221;][vc_column_text]<\/p>\n<h2>Dicono di noi<\/h2>\n<p>[\/vc_column_text][vc_empty_space height=&#8221;60px&#8221;][\/vc_column][\/vc_row][vc_row content_width=&#8221;grid&#8221; content_aligment=&#8221;center&#8221;][vc_column][vc_empty_space height=&#8221;60px&#8221;]<div class=\"qodef-testimonials-holder clearfix\"><div class=\"qodef-testimonials dark\"  data-autoplay-timeout =\"5\" data-pagination =\"yes\"><div id=\"qodef-testimonials6099\" class=\"qodef-testimonial-content\">\n\t\t<div class=\"qodef-testimonial-content-inner\">\n\t\t<div class=\"qodef-testimonial-text-holder\">\t\t\t\t\t\t\n\t\t\t<div class=\"qodef-testimonial-text-inner\">\n\t\t\t\t\t\t\t\t\t<h6 class=\"qodef-testimonial-title\">\n\t\t\t\t\t\tNo stress for my wedding\t\t\t\t\t<\/h6>\n\t\t\t\t\t\t\t\t<p class=\"qodef-testimonial-text\">We booked Laura to plan our own Toscana wedding. We wanted an untraditional wedding party on the hills of Tuscany with our family and friends. Laura made it happen! She did the full work by finding perfekt locations, made deals with the restaurant, staff, and sorted all legal stuff out for us.<\/p>\n\t\t\t\t\t\t\t\t\t<div class = \"qodef-testimonial-author\">\n\t\t\t\t\t\t<p class=\"qodef-testimonial-author-text\">\n                            &ndash; Rikke Breckling\t\t\t\t\t\t<\/p>\n                        \t\t\t\t\t<\/div>\n\t\t\t\t\t\t\t\t\n\t\t\t<\/div>\n\t\t<\/div>\n\t<\/div>\t\n<\/div>\n<div id=\"qodef-testimonials5679\" class=\"qodef-testimonial-content\">\n\t\t<div class=\"qodef-testimonial-content-inner\">\n\t\t<div class=\"qodef-testimonial-text-holder\">\t\t\t\t\t\t\n\t\t\t<div class=\"qodef-testimonial-text-inner\">\n\t\t\t\t\t\t\t\t\t<h6 class=\"qodef-testimonial-title\">\n\t\t\t\t\t\tGrandissima professionalit\u00e0\t\t\t\t\t<\/h6>\n\t\t\t\t\t\t\t\t<p class=\"qodef-testimonial-text\">Party 4 all \u00e8 sinonimo di professionalit\u00e0 e competenza, caratteristiche che hanno contribuito a rendere il mio matrimonio ancora pi\u00f9 speciale. Bambini e adulti si sono sentiti parte integrante dell'evento ed ogni dettaglio curato da Laura e il suo staff \u00e8 stato impeccabile<\/p>\n\t\t\t\t\t\t\t\t\t<div class = \"qodef-testimonial-author\">\n\t\t\t\t\t\t<p class=\"qodef-testimonial-author-text\">\n                            &ndash; Federica\t\t\t\t\t\t<\/p>\n                        \t\t\t\t\t<\/div>\n\t\t\t\t\t\t\t\t\n\t\t\t<\/div>\n\t\t<\/div>\n\t<\/div>\t\n<\/div>\n<div id=\"qodef-testimonials5677\" class=\"qodef-testimonial-content\">\n\t\t<div class=\"qodef-testimonial-content-inner\">\n\t\t<div class=\"qodef-testimonial-text-holder\">\t\t\t\t\t\t\n\t\t\t<div class=\"qodef-testimonial-text-inner\">\n\t\t\t\t\t\t\t\t\t<h6 class=\"qodef-testimonial-title\">\n\t\t\t\t\t\tAllestimento perfetto\t\t\t\t\t<\/h6>\n\t\t\t\t\t\t\t\t<p class=\"qodef-testimonial-text\">. L\u2019allestimento era perfetto, mi ha aiutata con bomboniere e confettata, capendo perfettamente cosa avevo in mente. In pi\u00f9 sul servizio di animazione ho scelto anche lo scivolo gonfiabile, non vi dico la felicit\u00e0 in quei piccoli visetti!<\/p>\n\t\t\t\t\t\t\t\t\t<div class = \"qodef-testimonial-author\">\n\t\t\t\t\t\t<p class=\"qodef-testimonial-author-text\">\n                            &ndash; Emanuela\t\t\t\t\t\t<\/p>\n                        \t\t\t\t\t<\/div>\n\t\t\t\t\t\t\t\t\n\t\t\t<\/div>\n\t\t<\/div>\n\t<\/div>\t\n<\/div>\n<div id=\"qodef-testimonials5675\" class=\"qodef-testimonial-content\">\n\t\t<div class=\"qodef-testimonial-content-inner\">\n\t\t<div class=\"qodef-testimonial-text-holder\">\t\t\t\t\t\t\n\t\t\t<div class=\"qodef-testimonial-text-inner\">\n\t\t\t\t\t\t\t\t\t<h6 class=\"qodef-testimonial-title\">\n\t\t\t\t\t\tUna garanzia !!!\t\t\t\t\t<\/h6>\n\t\t\t\t\t\t\t\t<p class=\"qodef-testimonial-text\">Ho chiamato Laura in occasione di alcuni compleanni e la sua professionalit\u00e0, affidabilit\u00e0 e capacit\u00e0 di intrattenere e far divertire i bambini \u00e8 veramente straordinaria!!!<\/p>\n\t\t\t\t\t\t\t\t\t<div class = \"qodef-testimonial-author\">\n\t\t\t\t\t\t<p class=\"qodef-testimonial-author-text\">\n                            &ndash; Maria Fiorenza\t\t\t\t\t\t<\/p>\n                        \t\t\t\t\t<\/div>\n\t\t\t\t\t\t\t\t\n\t\t\t<\/div>\n\t\t<\/div>\n\t<\/div>\t\n<\/div>\n<div id=\"qodef-testimonials5674\" class=\"qodef-testimonial-content\">\n\t\t<div class=\"qodef-testimonial-content-inner\">\n\t\t<div class=\"qodef-testimonial-text-holder\">\t\t\t\t\t\t\n\t\t\t<div class=\"qodef-testimonial-text-inner\">\n\t\t\t\t\t\t\t\t\t<h6 class=\"qodef-testimonial-title\">\n\t\t\t\t\t\tMagnifica\t\t\t\t\t<\/h6>\n\t\t\t\t\t\t\t\t<p class=\"qodef-testimonial-text\">Ho affidato a loro il mio matrimonio ed \u00e8' stata una festa magnifica \u00e8' stato curato tutto nel dettaglio e con cura. Ottima l'animazione per i bimbi cenando tutti insieme cos\u00ec che i genitori si sono potuti godere la cena in tranquillit\u00e0<\/p>\n\t\t\t\t\t\t\t\t\t<div class = \"qodef-testimonial-author\">\n\t\t\t\t\t\t<p class=\"qodef-testimonial-author-text\">\n                            &ndash; Cinzia\t\t\t\t\t\t<\/p>\n                        \t\t\t\t\t<\/div>\n\t\t\t\t\t\t\t\t\n\t\t\t<\/div>\n\t\t<\/div>\n\t<\/div>\t\n<\/div>\n<div id=\"qodef-testimonials5673\" class=\"qodef-testimonial-content\">\n\t\t<div class=\"qodef-testimonial-content-inner\">\n\t\t<div class=\"qodef-testimonial-text-holder\">\t\t\t\t\t\t\n\t\t\t<div class=\"qodef-testimonial-text-inner\">\n\t\t\t\t\t\t\t\t\t<h6 class=\"qodef-testimonial-title\">\n\t\t\t\t\t\tDisponibilit\u00e0 e divertimento\t\t\t\t\t<\/h6>\n\t\t\t\t\t\t\t\t<p class=\"qodef-testimonial-text\">Raccomanderei Laura di Party 4 All a chiunque. Professionalit\u00e0, disponibilit\u00e0 e voglia di divertirsi sono sicuramente il suo punto di forza per conquistare genitori e bambini. Tutti i bambini si sono divertiti molto ed i genitori non hanno fatto altro che ringraziarci.<\/p>\n\t\t\t\t\t\t\t\t\t<div class = \"qodef-testimonial-author\">\n\t\t\t\t\t\t<p class=\"qodef-testimonial-author-text\">\n                            &ndash; Irenel\t\t\t\t\t\t<\/p>\n                        \t\t\t\t\t<\/div>\n\t\t\t\t\t\t\t\t\n\t\t\t<\/div>\n\t\t<\/div>\n\t<\/div>\t\n<\/div>\n<div id=\"qodef-testimonials5671\" class=\"qodef-testimonial-content\">\n\t\t<div class=\"qodef-testimonial-content-inner\">\n\t\t<div class=\"qodef-testimonial-text-holder\">\t\t\t\t\t\t\n\t\t\t<div class=\"qodef-testimonial-text-inner\">\n\t\t\t\t\t\t\t\t\t<h6 class=\"qodef-testimonial-title\">\n\t\t\t\t\t\tProfessionalit\u00e0 e passione\t\t\t\t\t<\/h6>\n\t\t\t\t\t\t\t\t<p class=\"qodef-testimonial-text\">La professionalit\u00e0 e la passione di Laura hanno reso davvero speciale il nostro matrimonio: lei si \u00e8 occupata dei bambini presenti che si sono divertiti tantissimo, lasciando anche agli adulti la stessa libert\u00e0 di divertirsi<\/p>\n\t\t\t\t\t\t\t\t\t<div class = \"qodef-testimonial-author\">\n\t\t\t\t\t\t<p class=\"qodef-testimonial-author-text\">\n                            &ndash; Nicoletta\t\t\t\t\t\t<\/p>\n                        \t\t\t\t\t<\/div>\n\t\t\t\t\t\t\t\t\n\t\t\t<\/div>\n\t\t<\/div>\n\t<\/div>\t\n<\/div>\n<div id=\"qodef-testimonials178\" class=\"qodef-testimonial-content\">\n\t\t<div class=\"qodef-testimonial-content-inner\">\n\t\t<div class=\"qodef-testimonial-text-holder\">\t\t\t\t\t\t\n\t\t\t<div class=\"qodef-testimonial-text-inner\">\n\t\t\t\t\t\t\t\t\t<h6 class=\"qodef-testimonial-title\">\n\t\t\t\t\t\tFlessibilit\u00e0\t\t\t\t\t<\/h6>\n\t\t\t\t\t\t\t\t<p class=\"qodef-testimonial-text\">Laura ci ha seguito passo passo in particolare sulla scelta del tema del matrimonio ed il suo sviluppo, sulla confettata, sul riso.<\/p>\n\t\t\t\t\t\t\t\t\t<div class = \"qodef-testimonial-author\">\n\t\t\t\t\t\t<p class=\"qodef-testimonial-author-text\">\n                            &ndash; Lisa\t\t\t\t\t\t<\/p>\n                        \t\t\t\t\t<\/div>\n\t\t\t\t\t\t\t\t\n\t\t\t<\/div>\n\t\t<\/div>\n\t<\/div>\t\n<\/div>\n<div id=\"qodef-testimonials177\" class=\"qodef-testimonial-content\">\n\t\t<div class=\"qodef-testimonial-content-inner\">\n\t\t<div class=\"qodef-testimonial-text-holder\">\t\t\t\t\t\t\n\t\t\t<div class=\"qodef-testimonial-text-inner\">\n\t\t\t\t\t\t\t\t\t<h6 class=\"qodef-testimonial-title\">\n\t\t\t\t\t\tProfessionalit\u00e0 e competenza\t\t\t\t\t<\/h6>\n\t\t\t\t\t\t\t\t<p class=\"qodef-testimonial-text\">Party 4 all \u00e8 sinonimo di professionalit\u00e0 e competenza, caratteristiche che hanno contribuito a rendere il mio matrimonio ancora pi\u00f9 speciale<\/p>\n\t\t\t\t\t\t\t\t\t<div class = \"qodef-testimonial-author\">\n\t\t\t\t\t\t<p class=\"qodef-testimonial-author-text\">\n                            &ndash; Caterina \t\t\t\t\t\t<\/p>\n                        \t\t\t\t\t<\/div>\n\t\t\t\t\t\t\t\t\n\t\t\t<\/div>\n\t\t<\/div>\n\t<\/div>\t\n<\/div>\n<div id=\"qodef-testimonials176\" class=\"qodef-testimonial-content\">\n\t\t<div class=\"qodef-testimonial-content-inner\">\n\t\t<div class=\"qodef-testimonial-text-holder\">\t\t\t\t\t\t\n\t\t\t<div class=\"qodef-testimonial-text-inner\">\n\t\t\t\t\t\t\t\t\t<h6 class=\"qodef-testimonial-title\">\n\t\t\t\t\t\tLaura \u00e9 una sicurezza !\t\t\t\t\t<\/h6>\n\t\t\t\t\t\t\t\t<p class=\"qodef-testimonial-text\">Non avevo nessun dubbio quando dovevo scegliere l'animazione per il mio matrimonio<\/p>\n\t\t\t\t\t\t\t\t\t<div class = \"qodef-testimonial-author\">\n\t\t\t\t\t\t<p class=\"qodef-testimonial-author-text\">\n                            &ndash; Caterina\t\t\t\t\t\t<\/p>\n                        \t\t\t\t\t<\/div>\n\t\t\t\t\t\t\t\t\n\t\t\t<\/div>\n\t\t<\/div>\n\t<\/div>\t\n<\/div>\n<\/div><\/div>[vc_empty_space height=&#8221;60px&#8221;][\/vc_column][\/vc_row]<\/p>\n","protected":false},"excerpt":{"rendered":"<p>[vc_row][vc_column][rev_slider_vc alias=&#8221;homeparty4all&#8221;][\/vc_column][\/vc_row][vc_row content_aligment=&#8221;center&#8221;][vc_column][vc_empty_space height=&#8221;60px&#8221;][vc_column_text] Party4all, una festa per tutte le esigenze. [\/vc_column_text][vc_empty_space height=&#8221;60px&#8221;][\/vc_column][\/vc_row][vc_row content_width=&#8221;grid&#8221; css=&#8221;.vc_custom_1540283616920{background-color: #f6f6f6 !important;}&#8221;][vc_column offset=&#8221;vc_col-lg-6 vc_col-md-11&#8243;][vc_empty_space height=&#8221;60px&#8221;][vc_single_image image=&#8221;1442&#8243; img_size=&#8221;large&#8221; add_caption=&#8221;yes&#8221; alignment=&#8221;center&#8221;][vc_empty_space height=&#8221;60px&#8221;][\/vc_column][vc_column offset=&#8221;vc_col-lg-6 vc_col-md-12&#8243;][vc_empty_space height=&#8221;90px&#8221;][vc_column_text]E\u2019 da questa idea che nel 2011 \u00a0nasce Party4All, un\u2019 agenzia di organizzazione feste e matrimoni capace di soddisfare ogni desiderio del cliente. Dove c\u2019\u00e8 festa ci siamo noi : compleanni per bambini e adulti, matrimoni, anniversari, battesimi, comunioni, inaugurazioni e fantastici party per celebrare un\u2019 occasione speciale sono il nostro pane quotidiano. Scegliere noi significa scegliere un gruppo di professioniste che sapranno&#8230;<\/p>\n","protected":false},"author":1,"featured_media":0,"parent":0,"menu_order":0,"comment_status":"closed","ping_status":"closed","template":"full-width.php","meta":{"footnotes":""},"class_list":["post-2886","page","type-page","status-publish","hentry"],"yoast_head":"<!-- This site is optimized with the Yoast SEO plugin v27.5 - https:\/\/yoast.com\/product\/yoast-seo-wordpress\/ -->\n<title>wedding planner toscana<\/title>\n<meta name=\"description\" content=\"Party e wedding planner attivi su tutta la Toscana e il Mugello, ricerca location, organizzazione evento, intrattenimento. Professionalit\u00e0 e creativit\u00e0\" \/>\n<meta name=\"robots\" content=\"index, follow, max-snippet:-1, max-image-preview:large, max-video-preview:-1\" \/>\n<link rel=\"canonical\" href=\"https:\/\/www.party4all.it\/it\/\" \/>\n<meta property=\"og:locale\" content=\"it_IT\" \/>\n<meta property=\"og:type\" content=\"article\" \/>\n<meta property=\"og:title\" content=\"wedding planner toscana\" \/>\n<meta property=\"og:description\" content=\"Party e wedding planner attivi su tutta la Toscana e il Mugello, ricerca location, organizzazione evento, intrattenimento. Professionalit\u00e0 e creativit\u00e0\" \/>\n<meta property=\"og:url\" content=\"https:\/\/www.party4all.it\/it\/\" \/>\n<meta property=\"og:site_name\" content=\"Party 4 All\" \/>\n<meta property=\"article:publisher\" content=\"https:\/\/www.facebook.com\/party4all.it\/\" \/>\n<meta property=\"article:modified_time\" content=\"2019-04-25T19:17:28+00:00\" \/>\n<meta name=\"twitter:card\" content=\"summary_large_image\" \/>\n<meta name=\"twitter:label1\" content=\"Tempo di lettura stimato\" \/>\n\t<meta name=\"twitter:data1\" content=\"1 minuto\" \/>\n<script type=\"application\/ld+json\" class=\"yoast-schema-graph\">{\"@context\":\"https:\\\/\\\/schema.org\",\"@graph\":[{\"@type\":\"WebPage\",\"@id\":\"https:\\\/\\\/www.party4all.it\\\/it\\\/\",\"url\":\"https:\\\/\\\/www.party4all.it\\\/it\\\/\",\"name\":\"wedding planner toscana\",\"isPartOf\":{\"@id\":\"https:\\\/\\\/www.party4all.it\\\/it\\\/#website\"},\"datePublished\":\"2016-06-22T08:55:43+00:00\",\"dateModified\":\"2019-04-25T19:17:28+00:00\",\"description\":\"Party e wedding planner attivi su tutta la Toscana e il Mugello, ricerca location, organizzazione evento, intrattenimento. Professionalit\u00e0 e creativit\u00e0\",\"breadcrumb\":{\"@id\":\"https:\\\/\\\/www.party4all.it\\\/it\\\/#breadcrumb\"},\"inLanguage\":\"it-IT\",\"potentialAction\":[{\"@type\":\"ReadAction\",\"target\":[\"https:\\\/\\\/www.party4all.it\\\/it\\\/\"]}]},{\"@type\":\"BreadcrumbList\",\"@id\":\"https:\\\/\\\/www.party4all.it\\\/it\\\/#breadcrumb\",\"itemListElement\":[{\"@type\":\"ListItem\",\"position\":1,\"name\":\"Home\",\"item\":\"https:\\\/\\\/www.party4all.it\\\/it\\\/\"},{\"@type\":\"ListItem\",\"position\":2,\"name\":\"Home\"}]},{\"@type\":\"WebSite\",\"@id\":\"https:\\\/\\\/www.party4all.it\\\/it\\\/#website\",\"url\":\"https:\\\/\\\/www.party4all.it\\\/it\\\/\",\"name\":\"Party 4 All\",\"description\":\"Party 4 All website\",\"publisher\":{\"@id\":\"https:\\\/\\\/www.party4all.it\\\/it\\\/#organization\"},\"potentialAction\":[{\"@type\":\"SearchAction\",\"target\":{\"@type\":\"EntryPoint\",\"urlTemplate\":\"https:\\\/\\\/www.party4all.it\\\/it\\\/?s={search_term_string}\"},\"query-input\":{\"@type\":\"PropertyValueSpecification\",\"valueRequired\":true,\"valueName\":\"search_term_string\"}}],\"inLanguage\":\"it-IT\"},{\"@type\":\"Organization\",\"@id\":\"https:\\\/\\\/www.party4all.it\\\/it\\\/#organization\",\"name\":\"Party 4 All\",\"url\":\"https:\\\/\\\/www.party4all.it\\\/it\\\/\",\"logo\":{\"@type\":\"ImageObject\",\"inLanguage\":\"it-IT\",\"@id\":\"https:\\\/\\\/www.party4all.it\\\/it\\\/#\\\/schema\\\/logo\\\/image\\\/\",\"url\":\"https:\\\/\\\/www.party4all.it\\\/wp-content\\\/uploads\\\/2018\\\/10\\\/logo_small-4.png\",\"contentUrl\":\"https:\\\/\\\/www.party4all.it\\\/wp-content\\\/uploads\\\/2018\\\/10\\\/logo_small-4.png\",\"width\":224,\"height\":90,\"caption\":\"Party 4 All\"},\"image\":{\"@id\":\"https:\\\/\\\/www.party4all.it\\\/it\\\/#\\\/schema\\\/logo\\\/image\\\/\"},\"sameAs\":[\"https:\\\/\\\/www.facebook.com\\\/party4all.it\\\/\"]}]}<\/script>\n<!-- \/ Yoast SEO plugin. -->","yoast_head_json":{"title":"wedding planner toscana","description":"Party e wedding planner attivi su tutta la Toscana e il Mugello, ricerca location, organizzazione evento, intrattenimento. Professionalit\u00e0 e creativit\u00e0","robots":{"index":"index","follow":"follow","max-snippet":"max-snippet:-1","max-image-preview":"max-image-preview:large","max-video-preview":"max-video-preview:-1"},"canonical":"https:\/\/www.party4all.it\/it\/","og_locale":"it_IT","og_type":"article","og_title":"wedding planner toscana","og_description":"Party e wedding planner attivi su tutta la Toscana e il Mugello, ricerca location, organizzazione evento, intrattenimento. Professionalit\u00e0 e creativit\u00e0","og_url":"https:\/\/www.party4all.it\/it\/","og_site_name":"Party 4 All","article_publisher":"https:\/\/www.facebook.com\/party4all.it\/","article_modified_time":"2019-04-25T19:17:28+00:00","twitter_card":"summary_large_image","twitter_misc":{"Tempo di lettura stimato":"1 minuto"},"schema":{"@context":"https:\/\/schema.org","@graph":[{"@type":"WebPage","@id":"https:\/\/www.party4all.it\/it\/","url":"https:\/\/www.party4all.it\/it\/","name":"wedding planner toscana","isPartOf":{"@id":"https:\/\/www.party4all.it\/it\/#website"},"datePublished":"2016-06-22T08:55:43+00:00","dateModified":"2019-04-25T19:17:28+00:00","description":"Party e wedding planner attivi su tutta la Toscana e il Mugello, ricerca location, organizzazione evento, intrattenimento. Professionalit\u00e0 e creativit\u00e0","breadcrumb":{"@id":"https:\/\/www.party4all.it\/it\/#breadcrumb"},"inLanguage":"it-IT","potentialAction":[{"@type":"ReadAction","target":["https:\/\/www.party4all.it\/it\/"]}]},{"@type":"BreadcrumbList","@id":"https:\/\/www.party4all.it\/it\/#breadcrumb","itemListElement":[{"@type":"ListItem","position":1,"name":"Home","item":"https:\/\/www.party4all.it\/it\/"},{"@type":"ListItem","position":2,"name":"Home"}]},{"@type":"WebSite","@id":"https:\/\/www.party4all.it\/it\/#website","url":"https:\/\/www.party4all.it\/it\/","name":"Party 4 All","description":"Party 4 All website","publisher":{"@id":"https:\/\/www.party4all.it\/it\/#organization"},"potentialAction":[{"@type":"SearchAction","target":{"@type":"EntryPoint","urlTemplate":"https:\/\/www.party4all.it\/it\/?s={search_term_string}"},"query-input":{"@type":"PropertyValueSpecification","valueRequired":true,"valueName":"search_term_string"}}],"inLanguage":"it-IT"},{"@type":"Organization","@id":"https:\/\/www.party4all.it\/it\/#organization","name":"Party 4 All","url":"https:\/\/www.party4all.it\/it\/","logo":{"@type":"ImageObject","inLanguage":"it-IT","@id":"https:\/\/www.party4all.it\/it\/#\/schema\/logo\/image\/","url":"https:\/\/www.party4all.it\/wp-content\/uploads\/2018\/10\/logo_small-4.png","contentUrl":"https:\/\/www.party4all.it\/wp-content\/uploads\/2018\/10\/logo_small-4.png","width":224,"height":90,"caption":"Party 4 All"},"image":{"@id":"https:\/\/www.party4all.it\/it\/#\/schema\/logo\/image\/"},"sameAs":["https:\/\/www.facebook.com\/party4all.it\/"]}]}},"_links":{"self":[{"href":"https:\/\/www.party4all.it\/it\/wp-json\/wp\/v2\/pages\/2886","targetHints":{"allow":["GET"]}}],"collection":[{"href":"https:\/\/www.party4all.it\/it\/wp-json\/wp\/v2\/pages"}],"about":[{"href":"https:\/\/www.party4all.it\/it\/wp-json\/wp\/v2\/types\/page"}],"author":[{"embeddable":true,"href":"https:\/\/www.party4all.it\/it\/wp-json\/wp\/v2\/users\/1"}],"replies":[{"embeddable":true,"href":"https:\/\/www.party4all.it\/it\/wp-json\/wp\/v2\/comments?post=2886"}],"version-history":[{"count":34,"href":"https:\/\/www.party4all.it\/it\/wp-json\/wp\/v2\/pages\/2886\/revisions"}],"predecessor-version":[{"id":6100,"href":"https:\/\/www.party4all.it\/it\/wp-json\/wp\/v2\/pages\/2886\/revisions\/6100"}],"wp:attachment":[{"href":"https:\/\/www.party4all.it\/it\/wp-json\/wp\/v2\/media?parent=2886"}],"curies":[{"name":"wp","href":"https:\/\/api.w.org\/{rel}","templated":true}]}}